{"id":91,"date":"2024-06-23T18:36:34","date_gmt":"2024-06-23T16:36:34","guid":{"rendered":"https:\/\/veronique-pugeat.fr\/?page_id=91"},"modified":"2024-06-23T22:13:54","modified_gmt":"2024-06-23T20:13:54","slug":"agenda-des-elections-legislatives-2024","status":"publish","type":"page","link":"https:\/\/veronique-pugeat.fr\/index.php\/agenda-des-elections-legislatives-2024\/","title":{"rendered":"Agenda des \u00e9lections l\u00e9gislatives 2024"},"content":{"rendered":"\n<div class=\"wp-block-columns is-layout-flex wp-container-core-columns-is-layout-9d6595d7 wp-block-columns-is-layout-flex\">\n<div class=\"wp-block-column is-layout-flow wp-block-column-is-layout-flow\" style=\"flex-basis:80%\">\n<div class=\"wp-block-columns is-layout-flex wp-container-core-columns-is-layout-9d6595d7 wp-block-columns-is-layout-flex\">\n<div class=\"wp-block-column is-layout-flow wp-block-column-is-layout-flow\" style=\"flex-basis:20%\">\n<figure class=\"wp-block-image size-full\"><img loading=\"lazy\" decoding=\"async\" width=\"250\" height=\"234\" src=\"http:\/\/veronique-pugeat.fr\/wp-content\/uploads\/2024\/06\/25juin2024.png\" alt=\"25 juin 2024 : Elections l\u00e9gislatives 2024 en Dr\u00f4me (Valence Tain l'Hermitage)\" class=\"wp-image-92\"\/><\/figure>\n<\/div>\n\n\n\n<div class=\"wp-block-column is-layout-flow wp-block-column-is-layout-flow\" style=\"flex-basis:80%\">\n<h3 class=\"wp-block-heading\"><strong>AP\u00c9RITIF CITOYEN<\/strong><\/h3>\n\n\n\n<p>Retrouvons-nous et \u00e9changeons<br><strong>Mardi 25 juin, 20h00<\/strong><br>\u00e0 la salle des associations de Tain l\u2019Hermitage<br>autour d\u2019un ap\u00e9ritif convivial<\/p>\n<\/div>\n<\/div>\n\n\n\n<div class=\"wp-block-columns is-layout-flex wp-container-core-columns-is-layout-9d6595d7 wp-block-columns-is-layout-flex\">\n<div class=\"wp-block-column is-layout-flow wp-block-column-is-layout-flow\" style=\"flex-basis:20%\">\n<figure class=\"wp-block-image size-full\"><img loading=\"lazy\" decoding=\"async\" width=\"250\" height=\"234\" src=\"https:\/\/veronique-pugeat.fr\/wp-content\/uploads\/2024\/06\/26juin2024.png\" alt=\"\" class=\"wp-image-94\"\/><\/figure>\n<\/div>\n\n\n\n<div class=\"wp-block-column is-layout-flow wp-block-column-is-layout-flow\" style=\"flex-basis:80%\">\n<h3 class=\"wp-block-heading\"><strong>AP\u00c9RITIF CITOYEN<\/strong><\/h3>\n\n\n\n<p>Retrouvons-nous et \u00e9changeons<br><strong>Mercredi 26 juin, 18h00<\/strong><br>\u00e0 Saint Marcel les Valence, salle des Mirabelliers<br>autour d\u2019un ap\u00e9ritif convivial<\/p>\n<\/div>\n<\/div>\n\n\n\n<div class=\"wp-block-columns is-layout-flex wp-container-core-columns-is-layout-9d6595d7 wp-block-columns-is-layout-flex\">\n<div class=\"wp-block-column is-layout-flow wp-block-column-is-layout-flow\" style=\"flex-basis:20%\">\n<figure class=\"wp-block-image size-full\"><img loading=\"lazy\" decoding=\"async\" width=\"250\" height=\"234\" src=\"https:\/\/veronique-pugeat.fr\/wp-content\/uploads\/2024\/06\/27juin2024.png\" alt=\"\" class=\"wp-image-96\"\/><\/figure>\n<\/div>\n\n\n\n<div class=\"wp-block-column is-layout-flow wp-block-column-is-layout-flow\" style=\"flex-basis:80%\">\n<h3 class=\"wp-block-heading\"><strong>AP\u00c9RITIF CITOYEN<\/strong><\/h3>\n\n\n\n<p>Retrouvons-nous et \u00e9changeons<br><strong>Jeudi 27 juin, 18h30<\/strong><br>\u00e0 la Larnage puis \u00e0 20H \u00e0 GERVANS (Mairie)<br>autour d\u2019un ap\u00e9ritif convivial<\/p>\n<\/div>\n<\/div>\n\n\n\n<div class=\"wp-block-columns is-layout-flex wp-container-core-columns-is-layout-9d6595d7 wp-block-columns-is-layout-flex\">\n<div class=\"wp-block-column is-layout-flow wp-block-column-is-layout-flow\" style=\"flex-basis:20%\">\n<figure class=\"wp-block-image size-full\"><img loading=\"lazy\" decoding=\"async\" width=\"250\" height=\"234\" src=\"https:\/\/veronique-pugeat.fr\/wp-content\/uploads\/2024\/06\/28juin2024.png\" alt=\"\" class=\"wp-image-103\"\/><\/figure>\n<\/div>\n\n\n\n<div class=\"wp-block-column is-layout-flow wp-block-column-is-layout-flow\" style=\"flex-basis:80%\">\n<h3 class=\"wp-block-heading\"><strong>AP\u00c9RITIF CITOYEN<\/strong><\/h3>\n\n\n\n<p>Retrouvons-nous et \u00e9changeons<br><strong>Vendredi 28 juin, 18h30<\/strong><br>\u00e0 l\u2019\u00cele-parc Girodet \u00e0 Bourg-l\u00e8s-Valence<br>autour d\u2019un ap\u00e9ritif convivial<\/p>\n<\/div>\n<\/div>\n\n\n\n<div class=\"wp-block-columns is-layout-flex wp-container-core-columns-is-layout-9d6595d7 wp-block-columns-is-layout-flex\">\n<div class=\"wp-block-column is-layout-flow wp-block-column-is-layout-flow\" style=\"flex-basis:20%\">\n<figure class=\"wp-block-image size-full\"><img loading=\"lazy\" decoding=\"async\" width=\"250\" height=\"234\" src=\"https:\/\/veronique-pugeat.fr\/wp-content\/uploads\/2024\/06\/30juin2024.png\" alt=\"\" class=\"wp-image-104\"\/><\/figure>\n<\/div>\n\n\n\n<div class=\"wp-block-column is-layout-flow wp-block-column-is-layout-flow\" style=\"flex-basis:80%\">\n<h3 class=\"wp-block-heading\">1<sup>er<\/sup>\u00a0tour de Scrutin<\/h3>\n\n\n\n<p>Elections l\u00e9gislatives 2024<br><strong>Dimanche 30 juin 2024<\/strong><\/p>\n\n\n\n<h3 class=\"wp-block-heading\">VOTEZ pour votre future d\u00e9put\u00e9e PUGEAT !<\/h3>\n<\/div>\n<\/div>\n\n\n\n<div class=\"wp-block-columns is-layout-flex wp-container-core-columns-is-layout-9d6595d7 wp-block-columns-is-layout-flex\">\n<div class=\"wp-block-column is-layout-flow wp-block-column-is-layout-flow\" style=\"flex-basis:20%\">\n<figure class=\"wp-block-image size-full\"><img loading=\"lazy\" decoding=\"async\" width=\"250\" height=\"234\" src=\"https:\/\/veronique-pugeat.fr\/wp-content\/uploads\/2024\/06\/07juillet2024.png\" alt=\"\" class=\"wp-image-105\"\/><\/figure>\n<\/div>\n\n\n\n<div class=\"wp-block-column is-layout-flow wp-block-column-is-layout-flow\" style=\"flex-basis:80%\">\n<h3 class=\"wp-block-heading\">2nd\u00a0tour de Scrutin<\/h3>\n\n\n\n<p>Elections l\u00e9gislatives 2024<br><strong>Dimanche 7 juillet 2024<\/strong><\/p>\n\n\n\n<h3 class=\"wp-block-heading\">VOTEZ pour votre future d\u00e9put\u00e9e PUGEAT !<\/h3>\n<\/div>\n<\/div>\n<\/div>\n\n\n\n<div class=\"wp-block-column is-layout-flow wp-block-column-is-layout-flow\" style=\"flex-basis:33.33%\">\n<figure class=\"wp-block-image size-full raccourcisimg\"><a href=\"https:\/\/veronique-pugeat.fr\/wp-content\/uploads\/2024\/06\/Depliant-elections-legisltives-valence-drome-2024.pdf\" target=\"_blank\" rel=\"noreferrer noopener\"><img loading=\"lazy\" decoding=\"async\" width=\"400\" height=\"400\" src=\"https:\/\/veronique-pugeat.fr\/wp-content\/uploads\/2024\/06\/elections-legislatives2024.jpg\" alt=\"\" class=\"wp-image-81\" srcset=\"https:\/\/veronique-pugeat.fr\/wp-content\/uploads\/2024\/06\/elections-legislatives2024.jpg 400w, https:\/\/veronique-pugeat.fr\/wp-content\/uploads\/2024\/06\/elections-legislatives2024-300x300.jpg 300w, https:\/\/veronique-pugeat.fr\/wp-content\/uploads\/2024\/06\/elections-legislatives2024-150x150.jpg 150w\" sizes=\"auto, (max-width: 400px) 100vw, 400px\" \/><\/a><\/figure>\n\n\n\n<figure class=\"wp-block-image size-full raccourcisimg\"><a href=\"https:\/\/veronique-pugeat.fr\/wp-content\/uploads\/2024\/06\/Profession-de-foi-elections-legisltives-valence-drome-2024.pdf\" target=\"_blank\" rel=\"noreferrer noopener\"><img loading=\"lazy\" decoding=\"async\" width=\"400\" height=\"400\" src=\"http:\/\/veronique-pugeat.fr\/wp-content\/uploads\/2024\/06\/profession-de-foi-elections-legislatives-2024.jpg\" alt=\"La profession de foi pour les \u00e9lections l\u00e9gislatives 2024 en Dr\u00f4me sur Valence \/ Tain L'Hermitage\" class=\"wp-image-82\" srcset=\"https:\/\/veronique-pugeat.fr\/wp-content\/uploads\/2024\/06\/profession-de-foi-elections-legislatives-2024.jpg 400w, https:\/\/veronique-pugeat.fr\/wp-content\/uploads\/2024\/06\/profession-de-foi-elections-legislatives-2024-300x300.jpg 300w, https:\/\/veronique-pugeat.fr\/wp-content\/uploads\/2024\/06\/profession-de-foi-elections-legislatives-2024-150x150.jpg 150w\" sizes=\"auto, (max-width: 400px) 100vw, 400px\" \/><\/a><\/figure>\n\n\n\n<figure class=\"wp-block-image size-full raccourcisimg\"><a href=\"https:\/\/veronique-pugeat.fr\/wp-content\/uploads\/2024\/06\/Bulletin-de-vote-elections-legisltives-valence-drome-2024.pdf\" target=\"_blank\" rel=\"noreferrer noopener\"><img loading=\"lazy\" decoding=\"async\" width=\"400\" height=\"400\" src=\"http:\/\/veronique-pugeat.fr\/wp-content\/uploads\/2024\/06\/bulletin-de-vote-elections-legislatives-2024.jpg\" alt=\"Bulletin de vote pour les \u00e9lections l\u00e9gislatives 2024 en Dr\u00f4me sur Valence \/ Tain L'Hermitage\" class=\"wp-image-83\" srcset=\"https:\/\/veronique-pugeat.fr\/wp-content\/uploads\/2024\/06\/bulletin-de-vote-elections-legislatives-2024.jpg 400w, https:\/\/veronique-pugeat.fr\/wp-content\/uploads\/2024\/06\/bulletin-de-vote-elections-legislatives-2024-300x300.jpg 300w, https:\/\/veronique-pugeat.fr\/wp-content\/uploads\/2024\/06\/bulletin-de-vote-elections-legislatives-2024-150x150.jpg 150w\" sizes=\"auto, (max-width: 400px) 100vw, 400px\" \/><\/a><\/figure>\n<\/div>\n<\/div>\n","protected":false},"excerpt":{"rendered":"<p>AP\u00c9RITIF CITOYEN Retrouvons-nous et \u00e9changeonsMardi 25 juin, 20h00\u00e0 la salle des associations de Tain l\u2019Hermitageautour d\u2019un ap\u00e9ritif convivial AP\u00c9RITIF CITOYEN Retrouvons-nous et \u00e9changeonsMercredi 26 juin, 18h00\u00e0 Saint Marcel les Valence, salle des Mirabelliersautour d\u2019un ap\u00e9ritif convivial AP\u00c9RITIF CITOYEN Retrouvons-nous et \u00e9changeonsJeudi 27 juin, 18h30\u00e0 la Larnage puis \u00e0 20H \u00e0 GERVANS (Mairie)autour d\u2019un ap\u00e9ritif convivial<br \/><a class=\"moretag\" href=\"https:\/\/veronique-pugeat.fr\/index.php\/agenda-des-elections-legislatives-2024\/\">+ Read More<\/a><\/p>\n","protected":false},"author":1,"featured_media":0,"parent":0,"menu_order":0,"comment_status":"closed","ping_status":"open","template":"templates\/page-fullwidth_template.php","meta":{"footnotes":""},"class_list":["post-91","page","type-page","status-publish","hentry"],"yoast_head":"<!-- This site is optimized with the Yoast SEO plugin v22.9 - https:\/\/yoast.com\/wordpress\/plugins\/seo\/ -->\n<title>Agenda V\u00e9ronique Pugeat aux \u00e9lections l\u00e9gislatives 2024<\/title>\n<meta name=\"description\" content=\"L&#039;agenda de la future d\u00e9put\u00e9e V\u00e9ronique Pugeat pour les \u00e9lections l\u00e9gislatives 2024 en Dr\u00f4me (Valence Tain l&#039;Hermitage) : r\u00e9union, ap\u00e9ro citoyens\" \/>\n<meta name=\"robots\" content=\"index, follow, max-snippet:-1, max-image-preview:large, max-video-preview:-1\" \/>\n<link rel=\"canonical\" href=\"https:\/\/veronique-pugeat.fr\/index.php\/agenda-des-elections-legislatives-2024\/\" \/>\n<meta property=\"og:locale\" content=\"fr_FR\" \/>\n<meta property=\"og:type\" content=\"article\" \/>\n<meta property=\"og:title\" content=\"Agenda V\u00e9ronique Pugeat aux \u00e9lections l\u00e9gislatives 2024\" \/>\n<meta property=\"og:description\" content=\"L&#039;agenda de la future d\u00e9put\u00e9e V\u00e9ronique Pugeat pour les \u00e9lections l\u00e9gislatives 2024 en Dr\u00f4me (Valence Tain l&#039;Hermitage) : r\u00e9union, ap\u00e9ro citoyens\" \/>\n<meta property=\"og:url\" content=\"https:\/\/veronique-pugeat.fr\/index.php\/agenda-des-elections-legislatives-2024\/\" \/>\n<meta property=\"og:site_name\" content=\"V\u00e9ronique Pugeat\" \/>\n<meta property=\"article:publisher\" content=\"https:\/\/www.facebook.com\/vpugeat\" \/>\n<meta property=\"article:modified_time\" content=\"2024-06-23T20:13:54+00:00\" \/>\n<meta property=\"og:image\" content=\"http:\/\/veronique-pugeat.fr\/wp-content\/uploads\/2024\/06\/25juin2024.png\" \/>\n<meta name=\"twitter:card\" content=\"summary_large_image\" \/>\n<meta name=\"twitter:label1\" content=\"Dur\u00e9e de lecture estim\u00e9e\" \/>\n\t<meta name=\"twitter:data1\" content=\"3 minutes\" \/>\n<script type=\"application\/ld+json\" class=\"yoast-schema-graph\">{\"@context\":\"https:\/\/schema.org\",\"@graph\":[{\"@type\":\"WebPage\",\"@id\":\"https:\/\/veronique-pugeat.fr\/index.php\/agenda-des-elections-legislatives-2024\/\",\"url\":\"https:\/\/veronique-pugeat.fr\/index.php\/agenda-des-elections-legislatives-2024\/\",\"name\":\"Agenda V\u00e9ronique Pugeat aux \u00e9lections l\u00e9gislatives 2024\",\"isPartOf\":{\"@id\":\"https:\/\/veronique-pugeat.fr\/#website\"},\"primaryImageOfPage\":{\"@id\":\"https:\/\/veronique-pugeat.fr\/index.php\/agenda-des-elections-legislatives-2024\/#primaryimage\"},\"image\":{\"@id\":\"https:\/\/veronique-pugeat.fr\/index.php\/agenda-des-elections-legislatives-2024\/#primaryimage\"},\"thumbnailUrl\":\"http:\/\/veronique-pugeat.fr\/wp-content\/uploads\/2024\/06\/25juin2024.png\",\"datePublished\":\"2024-06-23T16:36:34+00:00\",\"dateModified\":\"2024-06-23T20:13:54+00:00\",\"description\":\"L'agenda de la future d\u00e9put\u00e9e V\u00e9ronique Pugeat pour les \u00e9lections l\u00e9gislatives 2024 en Dr\u00f4me (Valence Tain l'Hermitage) : r\u00e9union, ap\u00e9ro citoyens\",\"breadcrumb\":{\"@id\":\"https:\/\/veronique-pugeat.fr\/index.php\/agenda-des-elections-legislatives-2024\/#breadcrumb\"},\"inLanguage\":\"fr-FR\",\"potentialAction\":[{\"@type\":\"ReadAction\",\"target\":[\"https:\/\/veronique-pugeat.fr\/index.php\/agenda-des-elections-legislatives-2024\/\"]}]},{\"@type\":\"ImageObject\",\"inLanguage\":\"fr-FR\",\"@id\":\"https:\/\/veronique-pugeat.fr\/index.php\/agenda-des-elections-legislatives-2024\/#primaryimage\",\"url\":\"https:\/\/veronique-pugeat.fr\/wp-content\/uploads\/2024\/06\/25juin2024.png\",\"contentUrl\":\"https:\/\/veronique-pugeat.fr\/wp-content\/uploads\/2024\/06\/25juin2024.png\",\"width\":250,\"height\":234,\"caption\":\"25 juin 2024 : Elections l\u00e9gislatives 2024 en Dr\u00f4me (Valence Tain l'Hermitage)\"},{\"@type\":\"BreadcrumbList\",\"@id\":\"https:\/\/veronique-pugeat.fr\/index.php\/agenda-des-elections-legislatives-2024\/#breadcrumb\",\"itemListElement\":[{\"@type\":\"ListItem\",\"position\":1,\"name\":\"Accueil\",\"item\":\"https:\/\/veronique-pugeat.fr\/\"},{\"@type\":\"ListItem\",\"position\":2,\"name\":\"Agenda des \u00e9lections l\u00e9gislatives 2024\"}]},{\"@type\":\"WebSite\",\"@id\":\"https:\/\/veronique-pugeat.fr\/#website\",\"url\":\"https:\/\/veronique-pugeat.fr\/\",\"name\":\"V\u00e9ronique Pugeat\",\"description\":\"Elections l\u00e9gislatives 30 juin et 7 juillet 2024 (Dr\u00f4me)\",\"publisher\":{\"@id\":\"https:\/\/veronique-pugeat.fr\/#organization\"},\"potentialAction\":[{\"@type\":\"SearchAction\",\"target\":{\"@type\":\"EntryPoint\",\"urlTemplate\":\"https:\/\/veronique-pugeat.fr\/?s={search_term_string}\"},\"query-input\":\"required name=search_term_string\"}],\"inLanguage\":\"fr-FR\"},{\"@type\":\"Organization\",\"@id\":\"https:\/\/veronique-pugeat.fr\/#organization\",\"name\":\"V\u00e9ronique Pugeat\",\"url\":\"https:\/\/veronique-pugeat.fr\/\",\"logo\":{\"@type\":\"ImageObject\",\"inLanguage\":\"fr-FR\",\"@id\":\"https:\/\/veronique-pugeat.fr\/#\/schema\/logo\/image\/\",\"url\":\"https:\/\/veronique-pugeat.fr\/wp-content\/uploads\/2024\/06\/cropped-favicon2.png\",\"contentUrl\":\"https:\/\/veronique-pugeat.fr\/wp-content\/uploads\/2024\/06\/cropped-favicon2.png\",\"width\":512,\"height\":512,\"caption\":\"V\u00e9ronique Pugeat\"},\"image\":{\"@id\":\"https:\/\/veronique-pugeat.fr\/#\/schema\/logo\/image\/\"},\"sameAs\":[\"https:\/\/www.facebook.com\/vpugeat\",\"https:\/\/www.instagram.com\/vpugeat\/\",\"https:\/\/www.linkedin.com\/in\/vronique-pugeat-134106a7\/\"]}]}<\/script>\n<!-- \/ Yoast SEO plugin. -->","yoast_head_json":{"title":"Agenda V\u00e9ronique Pugeat aux \u00e9lections l\u00e9gislatives 2024","description":"L'agenda de la future d\u00e9put\u00e9e V\u00e9ronique Pugeat pour les \u00e9lections l\u00e9gislatives 2024 en Dr\u00f4me (Valence Tain l'Hermitage) : r\u00e9union, ap\u00e9ro citoyens","robots":{"index":"index","follow":"follow","max-snippet":"max-snippet:-1","max-image-preview":"max-image-preview:large","max-video-preview":"max-video-preview:-1"},"canonical":"https:\/\/veronique-pugeat.fr\/index.php\/agenda-des-elections-legislatives-2024\/","og_locale":"fr_FR","og_type":"article","og_title":"Agenda V\u00e9ronique Pugeat aux \u00e9lections l\u00e9gislatives 2024","og_description":"L'agenda de la future d\u00e9put\u00e9e V\u00e9ronique Pugeat pour les \u00e9lections l\u00e9gislatives 2024 en Dr\u00f4me (Valence Tain l'Hermitage) : r\u00e9union, ap\u00e9ro citoyens","og_url":"https:\/\/veronique-pugeat.fr\/index.php\/agenda-des-elections-legislatives-2024\/","og_site_name":"V\u00e9ronique Pugeat","article_publisher":"https:\/\/www.facebook.com\/vpugeat","article_modified_time":"2024-06-23T20:13:54+00:00","og_image":[{"url":"http:\/\/veronique-pugeat.fr\/wp-content\/uploads\/2024\/06\/25juin2024.png"}],"twitter_card":"summary_large_image","twitter_misc":{"Dur\u00e9e de lecture estim\u00e9e":"3 minutes"},"schema":{"@context":"https:\/\/schema.org","@graph":[{"@type":"WebPage","@id":"https:\/\/veronique-pugeat.fr\/index.php\/agenda-des-elections-legislatives-2024\/","url":"https:\/\/veronique-pugeat.fr\/index.php\/agenda-des-elections-legislatives-2024\/","name":"Agenda V\u00e9ronique Pugeat aux \u00e9lections l\u00e9gislatives 2024","isPartOf":{"@id":"https:\/\/veronique-pugeat.fr\/#website"},"primaryImageOfPage":{"@id":"https:\/\/veronique-pugeat.fr\/index.php\/agenda-des-elections-legislatives-2024\/#primaryimage"},"image":{"@id":"https:\/\/veronique-pugeat.fr\/index.php\/agenda-des-elections-legislatives-2024\/#primaryimage"},"thumbnailUrl":"http:\/\/veronique-pugeat.fr\/wp-content\/uploads\/2024\/06\/25juin2024.png","datePublished":"2024-06-23T16:36:34+00:00","dateModified":"2024-06-23T20:13:54+00:00","description":"L'agenda de la future d\u00e9put\u00e9e V\u00e9ronique Pugeat pour les \u00e9lections l\u00e9gislatives 2024 en Dr\u00f4me (Valence Tain l'Hermitage) : r\u00e9union, ap\u00e9ro citoyens","breadcrumb":{"@id":"https:\/\/veronique-pugeat.fr\/index.php\/agenda-des-elections-legislatives-2024\/#breadcrumb"},"inLanguage":"fr-FR","potentialAction":[{"@type":"ReadAction","target":["https:\/\/veronique-pugeat.fr\/index.php\/agenda-des-elections-legislatives-2024\/"]}]},{"@type":"ImageObject","inLanguage":"fr-FR","@id":"https:\/\/veronique-pugeat.fr\/index.php\/agenda-des-elections-legislatives-2024\/#primaryimage","url":"https:\/\/veronique-pugeat.fr\/wp-content\/uploads\/2024\/06\/25juin2024.png","contentUrl":"https:\/\/veronique-pugeat.fr\/wp-content\/uploads\/2024\/06\/25juin2024.png","width":250,"height":234,"caption":"25 juin 2024 : Elections l\u00e9gislatives 2024 en Dr\u00f4me (Valence Tain l'Hermitage)"},{"@type":"BreadcrumbList","@id":"https:\/\/veronique-pugeat.fr\/index.php\/agenda-des-elections-legislatives-2024\/#breadcrumb","itemListElement":[{"@type":"ListItem","position":1,"name":"Accueil","item":"https:\/\/veronique-pugeat.fr\/"},{"@type":"ListItem","position":2,"name":"Agenda des \u00e9lections l\u00e9gislatives 2024"}]},{"@type":"WebSite","@id":"https:\/\/veronique-pugeat.fr\/#website","url":"https:\/\/veronique-pugeat.fr\/","name":"V\u00e9ronique Pugeat","description":"Elections l\u00e9gislatives 30 juin et 7 juillet 2024 (Dr\u00f4me)","publisher":{"@id":"https:\/\/veronique-pugeat.fr\/#organization"},"potentialAction":[{"@type":"SearchAction","target":{"@type":"EntryPoint","urlTemplate":"https:\/\/veronique-pugeat.fr\/?s={search_term_string}"},"query-input":"required name=search_term_string"}],"inLanguage":"fr-FR"},{"@type":"Organization","@id":"https:\/\/veronique-pugeat.fr\/#organization","name":"V\u00e9ronique Pugeat","url":"https:\/\/veronique-pugeat.fr\/","logo":{"@type":"ImageObject","inLanguage":"fr-FR","@id":"https:\/\/veronique-pugeat.fr\/#\/schema\/logo\/image\/","url":"https:\/\/veronique-pugeat.fr\/wp-content\/uploads\/2024\/06\/cropped-favicon2.png","contentUrl":"https:\/\/veronique-pugeat.fr\/wp-content\/uploads\/2024\/06\/cropped-favicon2.png","width":512,"height":512,"caption":"V\u00e9ronique Pugeat"},"image":{"@id":"https:\/\/veronique-pugeat.fr\/#\/schema\/logo\/image\/"},"sameAs":["https:\/\/www.facebook.com\/vpugeat","https:\/\/www.instagram.com\/vpugeat\/","https:\/\/www.linkedin.com\/in\/vronique-pugeat-134106a7\/"]}]}},"_links":{"self":[{"href":"https:\/\/veronique-pugeat.fr\/index.php\/wp-json\/wp\/v2\/pages\/91","targetHints":{"allow":["GET"]}}],"collection":[{"href":"https:\/\/veronique-pugeat.fr\/index.php\/wp-json\/wp\/v2\/pages"}],"about":[{"href":"https:\/\/veronique-pugeat.fr\/index.php\/wp-json\/wp\/v2\/types\/page"}],"author":[{"embeddable":true,"href":"https:\/\/veronique-pugeat.fr\/index.php\/wp-json\/wp\/v2\/users\/1"}],"replies":[{"embeddable":true,"href":"https:\/\/veronique-pugeat.fr\/index.php\/wp-json\/wp\/v2\/comments?post=91"}],"version-history":[{"count":8,"href":"https:\/\/veronique-pugeat.fr\/index.php\/wp-json\/wp\/v2\/pages\/91\/revisions"}],"predecessor-version":[{"id":109,"href":"https:\/\/veronique-pugeat.fr\/index.php\/wp-json\/wp\/v2\/pages\/91\/revisions\/109"}],"wp:attachment":[{"href":"https:\/\/veronique-pugeat.fr\/index.php\/wp-json\/wp\/v2\/media?parent=91"}],"curies":[{"name":"wp","href":"https:\/\/api.w.org\/{rel}","templated":true}]}}