{"id":51,"date":"2024-06-23T11:36:41","date_gmt":"2024-06-23T09:36:41","guid":{"rendered":"https:\/\/veronique-pugeat.fr\/?page_id=51"},"modified":"2024-06-23T22:09:59","modified_gmt":"2024-06-23T20:09:59","slug":"programme","status":"publish","type":"page","link":"https:\/\/veronique-pugeat.fr\/index.php\/programme\/","title":{"rendered":"Notre programme aux \u00e9lections l\u00e9gislatives 2024"},"content":{"rendered":"\n<div class=\"wp-block-columns is-layout-flex wp-container-core-columns-is-layout-9d6595d7 wp-block-columns-is-layout-flex\">\n<div class=\"wp-block-column is-layout-flow wp-block-column-is-layout-flow\" style=\"flex-basis:66.66%\">\n<h2 class=\"wp-block-heading has-white-color has-text-color has-background has-link-color wp-elements-94512d2547c929b8cfc3a7b94a49bf82\" style=\"background-color:#6e66a4\">1. R\u00e9tablir l\u2019ordre dans les comptes publics<\/h2>\n\n\n\n<p>Les promesses des extr\u00eames, c\u2019est l\u2019assurance d\u2019une dette abyssale qui mettra la France \u00e0 terre. Quant \u00e0 la majorit\u00e9 pr\u00e9sidentielle, elle a d\u00e9montr\u00e9 son incapacit\u00e9 \u00e0 g\u00e9rer le budget de la France, dont la note a \u00e9t\u00e9 d\u00e9grad\u00e9e.<br>Arr\u00eatons de vivre au-dessus de nos moyens. Stoppons la spirale de la dette.<br>Imposons des comptes \u00e0 l\u2019\u00e9quilibre pour d\u00e9gager les marges de manoeuvres n\u00e9cessaires dans tous les domaines essentiels : sant\u00e9, s\u00e9curit\u00e9, protection<\/p>\n\n\n\n<h2 class=\"wp-block-heading has-white-color has-text-color has-background has-link-color wp-elements-5d648cb09820c2514da10fa5ae805576\" style=\"background-color:#7bb680\">2. R\u00e9tablir l\u2019ordre dans la rue<\/h2>\n\n\n\n<p>Pour en finir avec la politique de l\u2019excuse, supprimons les allocations familiales pour les parents d\u2019enfants d\u00e9linquants, abaissons l\u2019\u00e2ge de la majorit\u00e9 p\u00e9nale, traquons sans rel\u00e2che les trafiquants de drogue, les dealers et les consommateurs, r\u00e9tablissons les peines planchers, redonnons enfin \u00e0 la Police les moyens d\u2019intervenir, partout et tout le temps, et \u00e0 la Justice de faire son travail.<\/p>\n\n\n\n<h2 class=\"wp-block-heading has-white-color has-text-color has-background has-link-color wp-elements-c77403ce56b3fbb36f23a4b47e23402e\" style=\"background-color:#de782e\">3. R\u00e9tablir l\u2019ordre \u00e0 nos fronti\u00e8res<\/h2>\n\n\n\n<p>Pour retrouver une communaut\u00e9 de destin, stoppons l\u2019h\u00e9morragie migratoire, contr\u00f4lons fermement les fronti\u00e8res ext\u00e9rieures de l\u2019Europe, renvoyons avec dignit\u00e9 mais sans d\u00e9lai les immigr\u00e9s ill\u00e9gaux qui ne r\u00e9pondent pas aux conditions de l\u2019asile, subordonnons le versement des prestations sociales \u00e0 3 ans de pr\u00e9sence en France, mettons fin au regroupement familial sans condition.<\/p>\n\n\n\n<h2 class=\"wp-block-heading has-white-color has-text-color has-background has-link-color wp-elements-f6ee0055ee14280d04535066cffda9c8\" style=\"background-color:#4aadd7\">4. Retrouver la prosp\u00e9rit\u00e9 et du pouvoir d\u2019achat par la revalorisation du travail<\/h2>\n\n\n\n<ul class=\"wp-block-list\">\n<li>Rendons du pouvoir d\u2019achat r\u00e9el \u00e0 tous ceux qui travaillent, par une baisse des charges, des imp\u00f4ts et des normes \u00e9touffantes, en soutien \u00e0 nos entreprises, commer\u00e7ants, artisans et agriculteurs ; luttons contre les fraudeurs. <\/li>\n\n\n\n<li>Appliquons les r\u00e9formes de l\u2019assurance-ch\u00f4mage afin d\u2019inciter au travail et g\u00e9n\u00e9ralisons 15 heures d\u2019activit\u00e9 pour les b\u00e9n\u00e9ficiaires du RSA.<\/li>\n\n\n\n<li>Faisons d\u00e9finitivement le choix du nucl\u00e9aire, source d\u2019ind\u00e9pendance \u00e9nerg\u00e9tique et meilleur moyen pour maintenir les prix de l\u2019\u00e9nergie.<\/li>\n\n\n\n<li>D\u00e9fendons nos campagnes et nos agriculteurs pour qu\u2019ils puissent vivre dignement de leur travail.<\/li>\n<\/ul>\n\n\n\n<h2 class=\"wp-block-heading has-white-color has-text-color has-background has-link-color wp-elements-0c29756babb8299c92869d5c94c40942\" style=\"background-color:#d95e82\">5. Revenir aux fondamentaux<\/h2>\n\n\n\n<ul class=\"wp-block-list\">\n<li>Revenons aux fondamentaux \u00e0 l\u2019\u00e9cole dans le respect des professeurs : lire, \u00e9crire, compter et s\u2019ins\u00e9rer professionnellement.<\/li>\n\n\n\n<li>D\u00e9fendons l\u2019exception culturelle fran\u00e7aise et l\u2019excellence de nos cr\u00e9ations artistiques.<\/li>\n\n\n\n<li>Prot\u00e9geons les niveaux des remboursements de sant\u00e9 et soutenons nos h\u00f4pitaux et un programme \u00ab Z\u00e9ro D\u00e9sert M\u00e9dical \u00bb.<\/li>\n\n\n\n<li>Sauvegardons le niveau des pensions et indexons-les r\u00e9ellement sur l\u2019inflation.<\/li>\n<\/ul>\n\n\n\n<h2 class=\"wp-block-heading has-white-color has-text-color has-background has-link-color wp-elements-d97174f9abaef83e932ce43b49aac1d1\" style=\"background-color:#6e66a4\">6. Agir avec courage et fermet\u00e9<\/h2>\n\n\n\n<ul class=\"wp-block-list\">\n<li>D\u00e9fendons la la\u00efcit\u00e9 et renfor\u00e7ons les sanctions \u00e0 l\u2019\u00e9gard de ceux qui cassent, agressent, et tuent nos professeurs, nos jeunes au nom d\u2019une id\u00e9ologie mortif\u00e8re : l\u2019islamisme.<\/li>\n\n\n\n<li>Respectons et d\u00e9fendons nos forces de l\u2019ordre qui assurent notre s\u00e9curit\u00e9.<\/li>\n\n\n\n<li>Renfor\u00e7ons la s\u00e9curit\u00e9 des agents p\u00e9nitentiaires.<\/li>\n\n\n\n<li>Actionnons tous les leviers (humains, financiers, juridiques) pour permettre \u00e0 nos policiers, nos gendarmes et nos juges d\u2019agir efficacement.<\/li>\n<\/ul>\n<\/div>\n\n\n\n<div class=\"wp-block-column is-layout-flow wp-block-column-is-layout-flow\" style=\"flex-basis:33.33%\">\n<figure class=\"wp-block-image size-full raccourcisimg\"><a href=\"https:\/\/veronique-pugeat.fr\/wp-content\/uploads\/2024\/06\/Depliant-elections-legisltives-valence-drome-2024.pdf\" target=\"_blank\" rel=\"noreferrer noopener\"><img loading=\"lazy\" decoding=\"async\" width=\"400\" height=\"400\" src=\"https:\/\/veronique-pugeat.fr\/wp-content\/uploads\/2024\/06\/elections-legislatives2024.jpg\" alt=\"\" class=\"wp-image-81\" srcset=\"https:\/\/veronique-pugeat.fr\/wp-content\/uploads\/2024\/06\/elections-legislatives2024.jpg 400w, https:\/\/veronique-pugeat.fr\/wp-content\/uploads\/2024\/06\/elections-legislatives2024-300x300.jpg 300w, https:\/\/veronique-pugeat.fr\/wp-content\/uploads\/2024\/06\/elections-legislatives2024-150x150.jpg 150w\" sizes=\"auto, (max-width: 400px) 100vw, 400px\" \/><\/a><\/figure>\n\n\n\n<figure class=\"wp-block-image size-full raccourcisimg\"><a href=\"https:\/\/veronique-pugeat.fr\/wp-content\/uploads\/2024\/06\/Profession-de-foi-elections-legisltives-valence-drome-2024.pdf\" target=\"_blank\" rel=\"noreferrer noopener\"><img loading=\"lazy\" decoding=\"async\" width=\"400\" height=\"400\" src=\"http:\/\/veronique-pugeat.fr\/wp-content\/uploads\/2024\/06\/profession-de-foi-elections-legislatives-2024.jpg\" alt=\"La profession de foi pour les \u00e9lections l\u00e9gislatives 2024 en Dr\u00f4me sur Valence \/ Tain L'Hermitage\" class=\"wp-image-82\" srcset=\"https:\/\/veronique-pugeat.fr\/wp-content\/uploads\/2024\/06\/profession-de-foi-elections-legislatives-2024.jpg 400w, https:\/\/veronique-pugeat.fr\/wp-content\/uploads\/2024\/06\/profession-de-foi-elections-legislatives-2024-300x300.jpg 300w, https:\/\/veronique-pugeat.fr\/wp-content\/uploads\/2024\/06\/profession-de-foi-elections-legislatives-2024-150x150.jpg 150w\" sizes=\"auto, (max-width: 400px) 100vw, 400px\" \/><\/a><\/figure>\n\n\n\n<figure class=\"wp-block-image size-full raccourcisimg\"><a href=\"https:\/\/veronique-pugeat.fr\/wp-content\/uploads\/2024\/06\/Bulletin-de-vote-elections-legisltives-valence-drome-2024.pdf\" target=\"_blank\" rel=\"noreferrer noopener\"><img loading=\"lazy\" decoding=\"async\" width=\"400\" height=\"400\" src=\"http:\/\/veronique-pugeat.fr\/wp-content\/uploads\/2024\/06\/bulletin-de-vote-elections-legislatives-2024.jpg\" alt=\"Bulletin de vote pour les \u00e9lections l\u00e9gislatives 2024 en Dr\u00f4me sur Valence \/ Tain L'Hermitage\" class=\"wp-image-83\" srcset=\"https:\/\/veronique-pugeat.fr\/wp-content\/uploads\/2024\/06\/bulletin-de-vote-elections-legislatives-2024.jpg 400w, https:\/\/veronique-pugeat.fr\/wp-content\/uploads\/2024\/06\/bulletin-de-vote-elections-legislatives-2024-300x300.jpg 300w, https:\/\/veronique-pugeat.fr\/wp-content\/uploads\/2024\/06\/bulletin-de-vote-elections-legislatives-2024-150x150.jpg 150w\" sizes=\"auto, (max-width: 400px) 100vw, 400px\" \/><\/a><\/figure>\n<\/div>\n<\/div>\n","protected":false},"excerpt":{"rendered":"<p>1. R\u00e9tablir l\u2019ordre dans les comptes publics Les promesses des extr\u00eames, c\u2019est l\u2019assurance d\u2019une dette abyssale qui mettra la France \u00e0 terre. Quant \u00e0 la majorit\u00e9 pr\u00e9sidentielle, elle a d\u00e9montr\u00e9 son incapacit\u00e9 \u00e0 g\u00e9rer le budget de la France, dont la note a \u00e9t\u00e9 d\u00e9grad\u00e9e.Arr\u00eatons de vivre au-dessus de nos moyens. Stoppons la spirale de<br \/><a class=\"moretag\" href=\"https:\/\/veronique-pugeat.fr\/index.php\/programme\/\">+ Read More<\/a><\/p>\n","protected":false},"author":1,"featured_media":0,"parent":0,"menu_order":0,"comment_status":"closed","ping_status":"open","template":"templates\/page-fullwidth_template.php","meta":{"footnotes":""},"class_list":["post-51","page","type-page","status-publish","hentry"],"yoast_head":"<!-- This site is optimized with the Yoast SEO plugin v22.9 - https:\/\/yoast.com\/wordpress\/plugins\/seo\/ -->\n<title>Notre programme pour les \u00e9lections l\u00e9gislatives 2024<\/title>\n<meta name=\"description\" content=\"Le programme de la future d\u00e9put\u00e9e V\u00e9ronique Pugeat pour les \u00e9lections l\u00e9gislatives 2024 en Dr\u00f4me (Valence et Tain l&#039;Hermitage).\" \/>\n<meta name=\"robots\" content=\"index, follow, max-snippet:-1, max-image-preview:large, max-video-preview:-1\" \/>\n<link rel=\"canonical\" href=\"https:\/\/veronique-pugeat.fr\/index.php\/programme\/\" \/>\n<meta property=\"og:locale\" content=\"fr_FR\" \/>\n<meta property=\"og:type\" content=\"article\" \/>\n<meta property=\"og:title\" content=\"Notre programme pour les \u00e9lections l\u00e9gislatives 2024\" \/>\n<meta property=\"og:description\" content=\"Le programme de la future d\u00e9put\u00e9e V\u00e9ronique Pugeat pour les \u00e9lections l\u00e9gislatives 2024 en Dr\u00f4me (Valence et Tain l&#039;Hermitage).\" \/>\n<meta property=\"og:url\" content=\"https:\/\/veronique-pugeat.fr\/index.php\/programme\/\" \/>\n<meta property=\"og:site_name\" content=\"V\u00e9ronique Pugeat\" \/>\n<meta property=\"article:publisher\" content=\"https:\/\/www.facebook.com\/vpugeat\" \/>\n<meta property=\"article:modified_time\" content=\"2024-06-23T20:09:59+00:00\" \/>\n<meta property=\"og:image\" content=\"https:\/\/veronique-pugeat.fr\/wp-content\/uploads\/2024\/06\/elections-legislatives2024.jpg\" \/>\n<meta name=\"twitter:card\" content=\"summary_large_image\" \/>\n<meta name=\"twitter:label1\" content=\"Dur\u00e9e de lecture estim\u00e9e\" \/>\n\t<meta name=\"twitter:data1\" content=\"3 minutes\" \/>\n<script type=\"application\/ld+json\" class=\"yoast-schema-graph\">{\"@context\":\"https:\/\/schema.org\",\"@graph\":[{\"@type\":\"WebPage\",\"@id\":\"https:\/\/veronique-pugeat.fr\/index.php\/programme\/\",\"url\":\"https:\/\/veronique-pugeat.fr\/index.php\/programme\/\",\"name\":\"Notre programme pour les \u00e9lections l\u00e9gislatives 2024\",\"isPartOf\":{\"@id\":\"https:\/\/veronique-pugeat.fr\/#website\"},\"primaryImageOfPage\":{\"@id\":\"https:\/\/veronique-pugeat.fr\/index.php\/programme\/#primaryimage\"},\"image\":{\"@id\":\"https:\/\/veronique-pugeat.fr\/index.php\/programme\/#primaryimage\"},\"thumbnailUrl\":\"https:\/\/veronique-pugeat.fr\/wp-content\/uploads\/2024\/06\/elections-legislatives2024.jpg\",\"datePublished\":\"2024-06-23T09:36:41+00:00\",\"dateModified\":\"2024-06-23T20:09:59+00:00\",\"description\":\"Le programme de la future d\u00e9put\u00e9e V\u00e9ronique Pugeat pour les \u00e9lections l\u00e9gislatives 2024 en Dr\u00f4me (Valence et Tain l'Hermitage).\",\"breadcrumb\":{\"@id\":\"https:\/\/veronique-pugeat.fr\/index.php\/programme\/#breadcrumb\"},\"inLanguage\":\"fr-FR\",\"potentialAction\":[{\"@type\":\"ReadAction\",\"target\":[\"https:\/\/veronique-pugeat.fr\/index.php\/programme\/\"]}]},{\"@type\":\"ImageObject\",\"inLanguage\":\"fr-FR\",\"@id\":\"https:\/\/veronique-pugeat.fr\/index.php\/programme\/#primaryimage\",\"url\":\"https:\/\/veronique-pugeat.fr\/wp-content\/uploads\/2024\/06\/elections-legislatives2024.jpg\",\"contentUrl\":\"https:\/\/veronique-pugeat.fr\/wp-content\/uploads\/2024\/06\/elections-legislatives2024.jpg\",\"width\":400,\"height\":400,\"caption\":\"Les \u00e9lections l\u00e9gislatives 2024 en Dr\u00f4me sur Valence \/ Tain L'Hermitage\"},{\"@type\":\"BreadcrumbList\",\"@id\":\"https:\/\/veronique-pugeat.fr\/index.php\/programme\/#breadcrumb\",\"itemListElement\":[{\"@type\":\"ListItem\",\"position\":1,\"name\":\"Accueil\",\"item\":\"https:\/\/veronique-pugeat.fr\/\"},{\"@type\":\"ListItem\",\"position\":2,\"name\":\"Notre programme aux \u00e9lections l\u00e9gislatives 2024\"}]},{\"@type\":\"WebSite\",\"@id\":\"https:\/\/veronique-pugeat.fr\/#website\",\"url\":\"https:\/\/veronique-pugeat.fr\/\",\"name\":\"V\u00e9ronique Pugeat\",\"description\":\"Elections l\u00e9gislatives 30 juin et 7 juillet 2024 (Dr\u00f4me)\",\"publisher\":{\"@id\":\"https:\/\/veronique-pugeat.fr\/#organization\"},\"potentialAction\":[{\"@type\":\"SearchAction\",\"target\":{\"@type\":\"EntryPoint\",\"urlTemplate\":\"https:\/\/veronique-pugeat.fr\/?s={search_term_string}\"},\"query-input\":\"required name=search_term_string\"}],\"inLanguage\":\"fr-FR\"},{\"@type\":\"Organization\",\"@id\":\"https:\/\/veronique-pugeat.fr\/#organization\",\"name\":\"V\u00e9ronique Pugeat\",\"url\":\"https:\/\/veronique-pugeat.fr\/\",\"logo\":{\"@type\":\"ImageObject\",\"inLanguage\":\"fr-FR\",\"@id\":\"https:\/\/veronique-pugeat.fr\/#\/schema\/logo\/image\/\",\"url\":\"https:\/\/veronique-pugeat.fr\/wp-content\/uploads\/2024\/06\/cropped-favicon2.png\",\"contentUrl\":\"https:\/\/veronique-pugeat.fr\/wp-content\/uploads\/2024\/06\/cropped-favicon2.png\",\"width\":512,\"height\":512,\"caption\":\"V\u00e9ronique Pugeat\"},\"image\":{\"@id\":\"https:\/\/veronique-pugeat.fr\/#\/schema\/logo\/image\/\"},\"sameAs\":[\"https:\/\/www.facebook.com\/vpugeat\",\"https:\/\/www.instagram.com\/vpugeat\/\",\"https:\/\/www.linkedin.com\/in\/vronique-pugeat-134106a7\/\"]}]}<\/script>\n<!-- \/ Yoast SEO plugin. -->","yoast_head_json":{"title":"Notre programme pour les \u00e9lections l\u00e9gislatives 2024","description":"Le programme de la future d\u00e9put\u00e9e V\u00e9ronique Pugeat pour les \u00e9lections l\u00e9gislatives 2024 en Dr\u00f4me (Valence et Tain l'Hermitage).","robots":{"index":"index","follow":"follow","max-snippet":"max-snippet:-1","max-image-preview":"max-image-preview:large","max-video-preview":"max-video-preview:-1"},"canonical":"https:\/\/veronique-pugeat.fr\/index.php\/programme\/","og_locale":"fr_FR","og_type":"article","og_title":"Notre programme pour les \u00e9lections l\u00e9gislatives 2024","og_description":"Le programme de la future d\u00e9put\u00e9e V\u00e9ronique Pugeat pour les \u00e9lections l\u00e9gislatives 2024 en Dr\u00f4me (Valence et Tain l'Hermitage).","og_url":"https:\/\/veronique-pugeat.fr\/index.php\/programme\/","og_site_name":"V\u00e9ronique Pugeat","article_publisher":"https:\/\/www.facebook.com\/vpugeat","article_modified_time":"2024-06-23T20:09:59+00:00","og_image":[{"url":"https:\/\/veronique-pugeat.fr\/wp-content\/uploads\/2024\/06\/elections-legislatives2024.jpg"}],"twitter_card":"summary_large_image","twitter_misc":{"Dur\u00e9e de lecture estim\u00e9e":"3 minutes"},"schema":{"@context":"https:\/\/schema.org","@graph":[{"@type":"WebPage","@id":"https:\/\/veronique-pugeat.fr\/index.php\/programme\/","url":"https:\/\/veronique-pugeat.fr\/index.php\/programme\/","name":"Notre programme pour les \u00e9lections l\u00e9gislatives 2024","isPartOf":{"@id":"https:\/\/veronique-pugeat.fr\/#website"},"primaryImageOfPage":{"@id":"https:\/\/veronique-pugeat.fr\/index.php\/programme\/#primaryimage"},"image":{"@id":"https:\/\/veronique-pugeat.fr\/index.php\/programme\/#primaryimage"},"thumbnailUrl":"https:\/\/veronique-pugeat.fr\/wp-content\/uploads\/2024\/06\/elections-legislatives2024.jpg","datePublished":"2024-06-23T09:36:41+00:00","dateModified":"2024-06-23T20:09:59+00:00","description":"Le programme de la future d\u00e9put\u00e9e V\u00e9ronique Pugeat pour les \u00e9lections l\u00e9gislatives 2024 en Dr\u00f4me (Valence et Tain l'Hermitage).","breadcrumb":{"@id":"https:\/\/veronique-pugeat.fr\/index.php\/programme\/#breadcrumb"},"inLanguage":"fr-FR","potentialAction":[{"@type":"ReadAction","target":["https:\/\/veronique-pugeat.fr\/index.php\/programme\/"]}]},{"@type":"ImageObject","inLanguage":"fr-FR","@id":"https:\/\/veronique-pugeat.fr\/index.php\/programme\/#primaryimage","url":"https:\/\/veronique-pugeat.fr\/wp-content\/uploads\/2024\/06\/elections-legislatives2024.jpg","contentUrl":"https:\/\/veronique-pugeat.fr\/wp-content\/uploads\/2024\/06\/elections-legislatives2024.jpg","width":400,"height":400,"caption":"Les \u00e9lections l\u00e9gislatives 2024 en Dr\u00f4me sur Valence \/ Tain L'Hermitage"},{"@type":"BreadcrumbList","@id":"https:\/\/veronique-pugeat.fr\/index.php\/programme\/#breadcrumb","itemListElement":[{"@type":"ListItem","position":1,"name":"Accueil","item":"https:\/\/veronique-pugeat.fr\/"},{"@type":"ListItem","position":2,"name":"Notre programme aux \u00e9lections l\u00e9gislatives 2024"}]},{"@type":"WebSite","@id":"https:\/\/veronique-pugeat.fr\/#website","url":"https:\/\/veronique-pugeat.fr\/","name":"V\u00e9ronique Pugeat","description":"Elections l\u00e9gislatives 30 juin et 7 juillet 2024 (Dr\u00f4me)","publisher":{"@id":"https:\/\/veronique-pugeat.fr\/#organization"},"potentialAction":[{"@type":"SearchAction","target":{"@type":"EntryPoint","urlTemplate":"https:\/\/veronique-pugeat.fr\/?s={search_term_string}"},"query-input":"required name=search_term_string"}],"inLanguage":"fr-FR"},{"@type":"Organization","@id":"https:\/\/veronique-pugeat.fr\/#organization","name":"V\u00e9ronique Pugeat","url":"https:\/\/veronique-pugeat.fr\/","logo":{"@type":"ImageObject","inLanguage":"fr-FR","@id":"https:\/\/veronique-pugeat.fr\/#\/schema\/logo\/image\/","url":"https:\/\/veronique-pugeat.fr\/wp-content\/uploads\/2024\/06\/cropped-favicon2.png","contentUrl":"https:\/\/veronique-pugeat.fr\/wp-content\/uploads\/2024\/06\/cropped-favicon2.png","width":512,"height":512,"caption":"V\u00e9ronique Pugeat"},"image":{"@id":"https:\/\/veronique-pugeat.fr\/#\/schema\/logo\/image\/"},"sameAs":["https:\/\/www.facebook.com\/vpugeat","https:\/\/www.instagram.com\/vpugeat\/","https:\/\/www.linkedin.com\/in\/vronique-pugeat-134106a7\/"]}]}},"_links":{"self":[{"href":"https:\/\/veronique-pugeat.fr\/index.php\/wp-json\/wp\/v2\/pages\/51","targetHints":{"allow":["GET"]}}],"collection":[{"href":"https:\/\/veronique-pugeat.fr\/index.php\/wp-json\/wp\/v2\/pages"}],"about":[{"href":"https:\/\/veronique-pugeat.fr\/index.php\/wp-json\/wp\/v2\/types\/page"}],"author":[{"embeddable":true,"href":"https:\/\/veronique-pugeat.fr\/index.php\/wp-json\/wp\/v2\/users\/1"}],"replies":[{"embeddable":true,"href":"https:\/\/veronique-pugeat.fr\/index.php\/wp-json\/wp\/v2\/comments?post=51"}],"version-history":[{"count":5,"href":"https:\/\/veronique-pugeat.fr\/index.php\/wp-json\/wp\/v2\/pages\/51\/revisions"}],"predecessor-version":[{"id":90,"href":"https:\/\/veronique-pugeat.fr\/index.php\/wp-json\/wp\/v2\/pages\/51\/revisions\/90"}],"wp:attachment":[{"href":"https:\/\/veronique-pugeat.fr\/index.php\/wp-json\/wp\/v2\/media?parent=51"}],"curies":[{"name":"wp","href":"https:\/\/api.w.org\/{rel}","templated":true}]}}