{"id":25,"date":"2024-06-23T10:27:09","date_gmt":"2024-06-23T08:27:09","guid":{"rendered":"https:\/\/veronique-pugeat.fr\/?page_id=25"},"modified":"2024-06-23T18:17:30","modified_gmt":"2024-06-23T16:17:30","slug":"acceuil","status":"publish","type":"page","link":"https:\/\/veronique-pugeat.fr\/","title":{"rendered":"V\u00e9ronique Pugeat : La seule alternative r\u00e9publicaine"},"content":{"rendered":"\n<blockquote class=\"wp-block-quote is-layout-flow wp-block-quote-is-layout-flow\"><\/blockquote>\n\n\n\n<div class=\"wp-block-columns is-layout-flex wp-container-core-columns-is-layout-9d6595d7 wp-block-columns-is-layout-flex\">\n<div class=\"wp-block-column is-layout-flow wp-block-column-is-layout-flow\" style=\"flex-basis:66.66%\">\n<h2 class=\"wp-block-heading\">Pour vous d\u00e9fendre, pour vous prot\u00e9ger<\/h2>\n\n\n\n<figure class=\"wp-block-image size-full\"><img loading=\"lazy\" decoding=\"async\" width=\"400\" height=\"60\" src=\"http:\/\/veronique-pugeat.fr\/wp-content\/uploads\/2024\/06\/cheremadamechermonsieur.png\" alt=\"\" class=\"wp-image-75\" srcset=\"https:\/\/veronique-pugeat.fr\/wp-content\/uploads\/2024\/06\/cheremadamechermonsieur.png 400w, https:\/\/veronique-pugeat.fr\/wp-content\/uploads\/2024\/06\/cheremadamechermonsieur-300x45.png 300w\" sizes=\"auto, (max-width: 400px) 100vw, 400px\" \/><\/figure>\n\n\n\n<p><strong>Notre pays est en crise. Demain, dans un monde instable, notre pays peut basculer dans le chaos.<\/strong><br>Face \u00e0 l\u2019impuissance de la majorit\u00e9 pr\u00e9sidentielle et du \u00ab en m\u00eame temps \u00bb qui n\u2019a pas su entendre ni r\u00e9pondre aux difficult\u00e9s des Fran\u00e7ais, <strong>je ne c\u00e8derai jamais aux extr\u00eames<\/strong>, comme l\u2019ont fait d\u00e8s la premi\u00e8re heure les \u00e9lus du PS en se jetant dans les bras de M\u00e9lenchon et du NPA, ou encore Eric Ciotti dans ceux du Rassemblement national.<br><br>Je crois profond\u00e9ment en une <strong>3e voie : celle d\u2019une droite de l\u2019ordre<\/strong>, faisant le choix de la clart\u00e9, de la libert\u00e9 et de l\u2019ind\u00e9pendance.<br><br><strong>Ni compromission, ni combinaison mais des convictions.<\/strong><br><br>Nous aurons besoin \u00e0 l\u2019Assembl\u00e9e nationale demain d\u2019une alternative fond\u00e9e sur un p\u00f4le de stabilit\u00e9 constitu\u00e9 de d\u00e9put\u00e9s responsables et qui connaissent bien les r\u00e9alit\u00e9s du terrain. <strong>Les Fran\u00e7ais veulent une rupture franche, mais ils ne veulent certainement pas le chaos ou des d\u00e9put\u00e9s hors-sol.<\/strong><br><br>Alors que la d\u00e9put\u00e9e sortante, isol\u00e9e, absente, n\u2019a pas \u00e9t\u00e9 utile ni \u00e0 l\u2019Assembl\u00e9e Nationale ni dans notre circonscription,<strong> je suis pr\u00eate depuis longtemps \u00e0 relever les d\u00e9fis qui s\u2019imposent.<\/strong><br><br>J\u2019ai confiance en votre jugement. Je ne tangue pas dans la temp\u00eate. Je serai une d\u00e9put\u00e9e de \u00ab combat \u00bb, et non de \u00ab confort \u00bb. <strong>Je m\u2019attacherai \u00e0 vous d\u00e9fendre, \u00e0 vous prot\u00e9ger<\/strong>, par respect pour vous et par amour de notre pays.<br><br><strong>Avec Aur\u00e9lien ESPRIT, mon suppl\u00e9ant<\/strong>, agriculteur \u00e0 Pont-de-l\u2019Is\u00e8re, Conseiller d\u00e9partemental et Adjoint au maire de Bourg-l\u00e8s-Valence, nous avons donc l\u2019honneur de solliciter votre confiance d\u00e8s le 1er tour du scrutin, le 30 juin prochain.<br><br><strong>Vous pouvez compter sur mon engagement <\/strong>pour redonner \u00e0 la France et aux Fran\u00e7ais, tout le respect, la s\u00e9r\u00e9nit\u00e9 et l\u2019ordre auxquels ils aspirent<\/p>\n\n\n\n<div class=\"wp-block-columns is-layout-flex wp-container-core-columns-is-layout-9d6595d7 wp-block-columns-is-layout-flex\">\n<div class=\"wp-block-column is-layout-flow wp-block-column-is-layout-flow\" style=\"flex-basis:66.66%\">\n<figure class=\"wp-block-image size-full\"><img loading=\"lazy\" decoding=\"async\" width=\"700\" height=\"127\" src=\"http:\/\/veronique-pugeat.fr\/wp-content\/uploads\/2024\/06\/signature01c.png\" alt=\"\" class=\"wp-image-35\" srcset=\"https:\/\/veronique-pugeat.fr\/wp-content\/uploads\/2024\/06\/signature01c.png 700w, https:\/\/veronique-pugeat.fr\/wp-content\/uploads\/2024\/06\/signature01c-300x54.png 300w\" sizes=\"auto, (max-width: 700px) 100vw, 700px\" \/><\/figure>\n<\/div>\n\n\n\n<div class=\"wp-block-column is-layout-flow wp-block-column-is-layout-flow\" style=\"flex-basis:33.33%\">\n<figure class=\"wp-block-image size-large\"><img loading=\"lazy\" decoding=\"async\" width=\"1024\" height=\"332\" src=\"http:\/\/veronique-pugeat.fr\/wp-content\/uploads\/2024\/06\/signature02b-1024x332.png\" alt=\"\" class=\"wp-image-33\" srcset=\"https:\/\/veronique-pugeat.fr\/wp-content\/uploads\/2024\/06\/signature02b-1024x332.png 1024w, https:\/\/veronique-pugeat.fr\/wp-content\/uploads\/2024\/06\/signature02b-300x97.png 300w, https:\/\/veronique-pugeat.fr\/wp-content\/uploads\/2024\/06\/signature02b-768x249.png 768w, https:\/\/veronique-pugeat.fr\/wp-content\/uploads\/2024\/06\/signature02b.png 1062w\" sizes=\"auto, (max-width: 1024px) 100vw, 1024px\" \/><\/figure>\n<\/div>\n<\/div>\n<\/div>\n\n\n\n<div class=\"wp-block-column is-layout-flow wp-block-column-is-layout-flow\" style=\"flex-basis:33.33%\">\n<figure class=\"wp-block-image size-full raccourcisimg\"><a href=\"https:\/\/veronique-pugeat.fr\/index.php\/programme\/\"><img loading=\"lazy\" decoding=\"async\" width=\"400\" height=\"400\" src=\"http:\/\/veronique-pugeat.fr\/wp-content\/uploads\/2024\/06\/notreprogramme.jpg\" alt=\"Notre programme : Elections l\u00e9gislatives 2024 \u00e0 Valence (Dr\u00f4me)\" class=\"wp-image-67\" srcset=\"https:\/\/veronique-pugeat.fr\/wp-content\/uploads\/2024\/06\/notreprogramme.jpg 400w, https:\/\/veronique-pugeat.fr\/wp-content\/uploads\/2024\/06\/notreprogramme-300x300.jpg 300w, https:\/\/veronique-pugeat.fr\/wp-content\/uploads\/2024\/06\/notreprogramme-150x150.jpg 150w\" sizes=\"auto, (max-width: 400px) 100vw, 400px\" \/><\/a><\/figure>\n\n\n\n<figure class=\"wp-block-image size-full raccourcisimg\"><a href=\"https:\/\/veronique-pugeat.fr\/index.php\/contacter-veronique-pugeat\/\"><img loading=\"lazy\" decoding=\"async\" width=\"400\" height=\"400\" src=\"http:\/\/veronique-pugeat.fr\/wp-content\/uploads\/2024\/06\/mecontacter.jpg\" alt=\"Me contacter : Elections l\u00e9gislatives 2024 \u00e0 Valence (Dr\u00f4me)\" class=\"wp-image-71\" srcset=\"https:\/\/veronique-pugeat.fr\/wp-content\/uploads\/2024\/06\/mecontacter.jpg 400w, https:\/\/veronique-pugeat.fr\/wp-content\/uploads\/2024\/06\/mecontacter-300x300.jpg 300w, https:\/\/veronique-pugeat.fr\/wp-content\/uploads\/2024\/06\/mecontacter-150x150.jpg 150w\" sizes=\"auto, (max-width: 400px) 100vw, 400px\" \/><\/a><\/figure>\n\n\n\n<figure class=\"wp-block-image size-full raccourcisimg\"><img loading=\"lazy\" decoding=\"async\" width=\"400\" height=\"400\" src=\"http:\/\/veronique-pugeat.fr\/wp-content\/uploads\/2024\/06\/ilsmesoutiennent.jpg\" alt=\"Ils me soutiennent : Elections l\u00e9gislatives 2024 \u00e0 Valence (Dr\u00f4me)\" class=\"wp-image-72\" srcset=\"https:\/\/veronique-pugeat.fr\/wp-content\/uploads\/2024\/06\/ilsmesoutiennent.jpg 400w, https:\/\/veronique-pugeat.fr\/wp-content\/uploads\/2024\/06\/ilsmesoutiennent-300x300.jpg 300w, https:\/\/veronique-pugeat.fr\/wp-content\/uploads\/2024\/06\/ilsmesoutiennent-150x150.jpg 150w\" sizes=\"auto, (max-width: 400px) 100vw, 400px\" \/><\/figure>\n<\/div>\n<\/div>\n","protected":false},"excerpt":{"rendered":"<p>Pour vous d\u00e9fendre, pour vous prot\u00e9ger Notre pays est en crise. Demain, dans un monde instable, notre pays peut basculer dans le chaos.Face \u00e0 l\u2019impuissance de la majorit\u00e9 pr\u00e9sidentielle et du \u00ab en m\u00eame temps \u00bb qui n\u2019a pas su entendre ni r\u00e9pondre aux difficult\u00e9s des Fran\u00e7ais, je ne c\u00e8derai jamais aux extr\u00eames, comme l\u2019ont<br \/><a class=\"moretag\" href=\"https:\/\/veronique-pugeat.fr\/\">+ Read More<\/a><\/p>\n","protected":false},"author":1,"featured_media":0,"parent":0,"menu_order":0,"comment_status":"closed","ping_status":"open","template":"templates\/page-fullwidth_template.php","meta":{"footnotes":""},"class_list":["post-25","page","type-page","status-publish","hentry"],"yoast_head":"<!-- This site is optimized with the Yoast SEO plugin v22.9 - https:\/\/yoast.com\/wordpress\/plugins\/seo\/ -->\n<title>V\u00e9ronique Pugeat : votre d\u00e9put\u00e9e pour \u00e9lections l\u00e9gislatives 2024<\/title>\n<meta name=\"description\" content=\"V\u00e9ronique Pugeat : VOTRE d\u00e9put\u00e9e aux \u00e9lections l\u00e9gislatives 2024 - 1\u00e8re circonscription Dr\u00f4me (Valence Tain l&#039;Hermitage). Votez PUGEAT !\" \/>\n<meta name=\"robots\" content=\"index, follow, max-snippet:-1, max-image-preview:large, max-video-preview:-1\" \/>\n<link rel=\"canonical\" href=\"https:\/\/veronique-pugeat.fr\/\" \/>\n<meta property=\"og:locale\" content=\"fr_FR\" \/>\n<meta property=\"og:type\" content=\"article\" \/>\n<meta property=\"og:title\" content=\"V\u00e9ronique Pugeat : votre d\u00e9put\u00e9e pour \u00e9lections l\u00e9gislatives 2024\" \/>\n<meta property=\"og:description\" content=\"V\u00e9ronique Pugeat : VOTRE d\u00e9put\u00e9e aux \u00e9lections l\u00e9gislatives 2024 - 1\u00e8re circonscription Dr\u00f4me (Valence Tain l&#039;Hermitage). Votez PUGEAT !\" \/>\n<meta property=\"og:url\" content=\"https:\/\/veronique-pugeat.fr\/\" \/>\n<meta property=\"og:site_name\" content=\"V\u00e9ronique Pugeat\" \/>\n<meta property=\"article:publisher\" content=\"https:\/\/www.facebook.com\/vpugeat\" \/>\n<meta property=\"article:modified_time\" content=\"2024-06-23T16:17:30+00:00\" \/>\n<meta property=\"og:image\" content=\"http:\/\/veronique-pugeat.fr\/wp-content\/uploads\/2024\/06\/cheremadamechermonsieur.png\" \/>\n<meta name=\"twitter:card\" content=\"summary_large_image\" \/>\n<meta name=\"twitter:label1\" content=\"Dur\u00e9e de lecture estim\u00e9e\" \/>\n\t<meta name=\"twitter:data1\" content=\"3 minutes\" \/>\n<script type=\"application\/ld+json\" class=\"yoast-schema-graph\">{\"@context\":\"https:\/\/schema.org\",\"@graph\":[{\"@type\":\"WebPage\",\"@id\":\"https:\/\/veronique-pugeat.fr\/\",\"url\":\"https:\/\/veronique-pugeat.fr\/\",\"name\":\"V\u00e9ronique Pugeat : votre d\u00e9put\u00e9e pour \u00e9lections l\u00e9gislatives 2024\",\"isPartOf\":{\"@id\":\"https:\/\/veronique-pugeat.fr\/#website\"},\"primaryImageOfPage\":{\"@id\":\"https:\/\/veronique-pugeat.fr\/#primaryimage\"},\"image\":{\"@id\":\"https:\/\/veronique-pugeat.fr\/#primaryimage\"},\"thumbnailUrl\":\"http:\/\/veronique-pugeat.fr\/wp-content\/uploads\/2024\/06\/cheremadamechermonsieur.png\",\"datePublished\":\"2024-06-23T08:27:09+00:00\",\"dateModified\":\"2024-06-23T16:17:30+00:00\",\"description\":\"V\u00e9ronique Pugeat : VOTRE d\u00e9put\u00e9e aux \u00e9lections l\u00e9gislatives 2024 - 1\u00e8re circonscription Dr\u00f4me (Valence Tain l'Hermitage). Votez PUGEAT !\",\"breadcrumb\":{\"@id\":\"https:\/\/veronique-pugeat.fr\/#breadcrumb\"},\"inLanguage\":\"fr-FR\",\"potentialAction\":[{\"@type\":\"ReadAction\",\"target\":[\"https:\/\/veronique-pugeat.fr\/\"]}]},{\"@type\":\"ImageObject\",\"inLanguage\":\"fr-FR\",\"@id\":\"https:\/\/veronique-pugeat.fr\/#primaryimage\",\"url\":\"https:\/\/veronique-pugeat.fr\/wp-content\/uploads\/2024\/06\/cheremadamechermonsieur.png\",\"contentUrl\":\"https:\/\/veronique-pugeat.fr\/wp-content\/uploads\/2024\/06\/cheremadamechermonsieur.png\",\"width\":400,\"height\":60},{\"@type\":\"BreadcrumbList\",\"@id\":\"https:\/\/veronique-pugeat.fr\/#breadcrumb\",\"itemListElement\":[{\"@type\":\"ListItem\",\"position\":1,\"name\":\"Accueil\",\"item\":\"https:\/\/veronique-pugeat.fr\/\"},{\"@type\":\"ListItem\",\"position\":2,\"name\":\"V\u00e9ronique Pugeat : La seule alternative r\u00e9publicaine\"}]},{\"@type\":\"WebSite\",\"@id\":\"https:\/\/veronique-pugeat.fr\/#website\",\"url\":\"https:\/\/veronique-pugeat.fr\/\",\"name\":\"V\u00e9ronique Pugeat\",\"description\":\"Elections l\u00e9gislatives 30 juin et 7 juillet 2024 (Dr\u00f4me)\",\"publisher\":{\"@id\":\"https:\/\/veronique-pugeat.fr\/#organization\"},\"potentialAction\":[{\"@type\":\"SearchAction\",\"target\":{\"@type\":\"EntryPoint\",\"urlTemplate\":\"https:\/\/veronique-pugeat.fr\/?s={search_term_string}\"},\"query-input\":\"required name=search_term_string\"}],\"inLanguage\":\"fr-FR\"},{\"@type\":\"Organization\",\"@id\":\"https:\/\/veronique-pugeat.fr\/#organization\",\"name\":\"V\u00e9ronique Pugeat\",\"url\":\"https:\/\/veronique-pugeat.fr\/\",\"logo\":{\"@type\":\"ImageObject\",\"inLanguage\":\"fr-FR\",\"@id\":\"https:\/\/veronique-pugeat.fr\/#\/schema\/logo\/image\/\",\"url\":\"https:\/\/veronique-pugeat.fr\/wp-content\/uploads\/2024\/06\/cropped-favicon2.png\",\"contentUrl\":\"https:\/\/veronique-pugeat.fr\/wp-content\/uploads\/2024\/06\/cropped-favicon2.png\",\"width\":512,\"height\":512,\"caption\":\"V\u00e9ronique Pugeat\"},\"image\":{\"@id\":\"https:\/\/veronique-pugeat.fr\/#\/schema\/logo\/image\/\"},\"sameAs\":[\"https:\/\/www.facebook.com\/vpugeat\",\"https:\/\/www.instagram.com\/vpugeat\/\",\"https:\/\/www.linkedin.com\/in\/vronique-pugeat-134106a7\/\"]}]}<\/script>\n<!-- \/ Yoast SEO plugin. -->","yoast_head_json":{"title":"V\u00e9ronique Pugeat : votre d\u00e9put\u00e9e pour \u00e9lections l\u00e9gislatives 2024","description":"V\u00e9ronique Pugeat : VOTRE d\u00e9put\u00e9e aux \u00e9lections l\u00e9gislatives 2024 - 1\u00e8re circonscription Dr\u00f4me (Valence Tain l'Hermitage). Votez PUGEAT !","robots":{"index":"index","follow":"follow","max-snippet":"max-snippet:-1","max-image-preview":"max-image-preview:large","max-video-preview":"max-video-preview:-1"},"canonical":"https:\/\/veronique-pugeat.fr\/","og_locale":"fr_FR","og_type":"article","og_title":"V\u00e9ronique Pugeat : votre d\u00e9put\u00e9e pour \u00e9lections l\u00e9gislatives 2024","og_description":"V\u00e9ronique Pugeat : VOTRE d\u00e9put\u00e9e aux \u00e9lections l\u00e9gislatives 2024 - 1\u00e8re circonscription Dr\u00f4me (Valence Tain l'Hermitage). Votez PUGEAT !","og_url":"https:\/\/veronique-pugeat.fr\/","og_site_name":"V\u00e9ronique Pugeat","article_publisher":"https:\/\/www.facebook.com\/vpugeat","article_modified_time":"2024-06-23T16:17:30+00:00","og_image":[{"url":"http:\/\/veronique-pugeat.fr\/wp-content\/uploads\/2024\/06\/cheremadamechermonsieur.png"}],"twitter_card":"summary_large_image","twitter_misc":{"Dur\u00e9e de lecture estim\u00e9e":"3 minutes"},"schema":{"@context":"https:\/\/schema.org","@graph":[{"@type":"WebPage","@id":"https:\/\/veronique-pugeat.fr\/","url":"https:\/\/veronique-pugeat.fr\/","name":"V\u00e9ronique Pugeat : votre d\u00e9put\u00e9e pour \u00e9lections l\u00e9gislatives 2024","isPartOf":{"@id":"https:\/\/veronique-pugeat.fr\/#website"},"primaryImageOfPage":{"@id":"https:\/\/veronique-pugeat.fr\/#primaryimage"},"image":{"@id":"https:\/\/veronique-pugeat.fr\/#primaryimage"},"thumbnailUrl":"http:\/\/veronique-pugeat.fr\/wp-content\/uploads\/2024\/06\/cheremadamechermonsieur.png","datePublished":"2024-06-23T08:27:09+00:00","dateModified":"2024-06-23T16:17:30+00:00","description":"V\u00e9ronique Pugeat : VOTRE d\u00e9put\u00e9e aux \u00e9lections l\u00e9gislatives 2024 - 1\u00e8re circonscription Dr\u00f4me (Valence Tain l'Hermitage). Votez PUGEAT !","breadcrumb":{"@id":"https:\/\/veronique-pugeat.fr\/#breadcrumb"},"inLanguage":"fr-FR","potentialAction":[{"@type":"ReadAction","target":["https:\/\/veronique-pugeat.fr\/"]}]},{"@type":"ImageObject","inLanguage":"fr-FR","@id":"https:\/\/veronique-pugeat.fr\/#primaryimage","url":"https:\/\/veronique-pugeat.fr\/wp-content\/uploads\/2024\/06\/cheremadamechermonsieur.png","contentUrl":"https:\/\/veronique-pugeat.fr\/wp-content\/uploads\/2024\/06\/cheremadamechermonsieur.png","width":400,"height":60},{"@type":"BreadcrumbList","@id":"https:\/\/veronique-pugeat.fr\/#breadcrumb","itemListElement":[{"@type":"ListItem","position":1,"name":"Accueil","item":"https:\/\/veronique-pugeat.fr\/"},{"@type":"ListItem","position":2,"name":"V\u00e9ronique Pugeat : La seule alternative r\u00e9publicaine"}]},{"@type":"WebSite","@id":"https:\/\/veronique-pugeat.fr\/#website","url":"https:\/\/veronique-pugeat.fr\/","name":"V\u00e9ronique Pugeat","description":"Elections l\u00e9gislatives 30 juin et 7 juillet 2024 (Dr\u00f4me)","publisher":{"@id":"https:\/\/veronique-pugeat.fr\/#organization"},"potentialAction":[{"@type":"SearchAction","target":{"@type":"EntryPoint","urlTemplate":"https:\/\/veronique-pugeat.fr\/?s={search_term_string}"},"query-input":"required name=search_term_string"}],"inLanguage":"fr-FR"},{"@type":"Organization","@id":"https:\/\/veronique-pugeat.fr\/#organization","name":"V\u00e9ronique Pugeat","url":"https:\/\/veronique-pugeat.fr\/","logo":{"@type":"ImageObject","inLanguage":"fr-FR","@id":"https:\/\/veronique-pugeat.fr\/#\/schema\/logo\/image\/","url":"https:\/\/veronique-pugeat.fr\/wp-content\/uploads\/2024\/06\/cropped-favicon2.png","contentUrl":"https:\/\/veronique-pugeat.fr\/wp-content\/uploads\/2024\/06\/cropped-favicon2.png","width":512,"height":512,"caption":"V\u00e9ronique Pugeat"},"image":{"@id":"https:\/\/veronique-pugeat.fr\/#\/schema\/logo\/image\/"},"sameAs":["https:\/\/www.facebook.com\/vpugeat","https:\/\/www.instagram.com\/vpugeat\/","https:\/\/www.linkedin.com\/in\/vronique-pugeat-134106a7\/"]}]}},"_links":{"self":[{"href":"https:\/\/veronique-pugeat.fr\/index.php\/wp-json\/wp\/v2\/pages\/25","targetHints":{"allow":["GET"]}}],"collection":[{"href":"https:\/\/veronique-pugeat.fr\/index.php\/wp-json\/wp\/v2\/pages"}],"about":[{"href":"https:\/\/veronique-pugeat.fr\/index.php\/wp-json\/wp\/v2\/types\/page"}],"author":[{"embeddable":true,"href":"https:\/\/veronique-pugeat.fr\/index.php\/wp-json\/wp\/v2\/users\/1"}],"replies":[{"embeddable":true,"href":"https:\/\/veronique-pugeat.fr\/index.php\/wp-json\/wp\/v2\/comments?post=25"}],"version-history":[{"count":6,"href":"https:\/\/veronique-pugeat.fr\/index.php\/wp-json\/wp\/v2\/pages\/25\/revisions"}],"predecessor-version":[{"id":76,"href":"https:\/\/veronique-pugeat.fr\/index.php\/wp-json\/wp\/v2\/pages\/25\/revisions\/76"}],"wp:attachment":[{"href":"https:\/\/veronique-pugeat.fr\/index.php\/wp-json\/wp\/v2\/media?parent=25"}],"curies":[{"name":"wp","href":"https:\/\/api.w.org\/{rel}","templated":true}]}}