{"id":114,"date":"2024-06-23T21:29:19","date_gmt":"2024-06-23T19:29:19","guid":{"rendered":"https:\/\/veronique-pugeat.fr\/?page_id=114"},"modified":"2024-06-23T22:13:44","modified_gmt":"2024-06-23T20:13:44","slug":"ils-me-soutiennent-aux-elections-legislatives-2024","status":"publish","type":"page","link":"https:\/\/veronique-pugeat.fr\/index.php\/ils-me-soutiennent-aux-elections-legislatives-2024\/","title":{"rendered":"Ils me soutiennent aux \u00e9lections l\u00e9gislatives 2024"},"content":{"rendered":"\n<div class=\"wp-block-columns is-layout-flex wp-container-core-columns-is-layout-9d6595d7 wp-block-columns-is-layout-flex\">\n<div class=\"wp-block-column is-layout-flow wp-block-column-is-layout-flow\" style=\"flex-basis:66.66%\">\n<div class=\"wp-block-columns soutien is-layout-flex wp-container-core-columns-is-layout-9d6595d7 wp-block-columns-is-layout-flex\">\n<div class=\"wp-block-column is-layout-flow wp-block-column-is-layout-flow\" style=\"flex-basis:33.33%\">\n<figure class=\"wp-block-image size-full\"><img loading=\"lazy\" decoding=\"async\" width=\"534\" height=\"564\" src=\"https:\/\/veronique-pugeat.fr\/wp-content\/uploads\/2024\/06\/01-nicolasdaragon.jpg\" alt=\"\" class=\"wp-image-115\" srcset=\"https:\/\/veronique-pugeat.fr\/wp-content\/uploads\/2024\/06\/01-nicolasdaragon.jpg 534w, https:\/\/veronique-pugeat.fr\/wp-content\/uploads\/2024\/06\/01-nicolasdaragon-284x300.jpg 284w\" sizes=\"auto, (max-width: 534px) 100vw, 534px\" \/><\/figure>\n<\/div>\n\n\n\n<div class=\"wp-block-column soutientxt is-layout-flow wp-block-column-is-layout-flow\" style=\"flex-basis:66.66%\">\n<h3 class=\"wp-block-heading\">Nicolas DARAGON<\/h3>\n\n\n\n<p>Maire de Valence <br>Vice-pr\u00e9sident de la R\u00e9gion <br>Pr\u00e9sident de l\u2019association des Maires de la Dr\u00f4me<\/p>\n<\/div>\n<\/div>\n\n\n\n<div class=\"wp-block-columns soutien is-layout-flex wp-container-core-columns-is-layout-9d6595d7 wp-block-columns-is-layout-flex\">\n<div class=\"wp-block-column is-layout-flow wp-block-column-is-layout-flow\" style=\"flex-basis:33.33%\">\n<figure class=\"wp-block-image size-full\"><img loading=\"lazy\" decoding=\"async\" width=\"534\" height=\"564\" src=\"https:\/\/veronique-pugeat.fr\/wp-content\/uploads\/2024\/06\/02-laurentwauquiez.jpg\" alt=\"\" class=\"wp-image-121\" srcset=\"https:\/\/veronique-pugeat.fr\/wp-content\/uploads\/2024\/06\/02-laurentwauquiez.jpg 534w, https:\/\/veronique-pugeat.fr\/wp-content\/uploads\/2024\/06\/02-laurentwauquiez-284x300.jpg 284w\" sizes=\"auto, (max-width: 534px) 100vw, 534px\" \/><\/figure>\n<\/div>\n\n\n\n<div class=\"wp-block-column soutientxt is-layout-flow wp-block-column-is-layout-flow\" style=\"flex-basis:66.66%\">\n<h3 class=\"wp-block-heading\">Laurent Wauquiez<\/h3>\n\n\n\n<p>Pr\u00e9sident de la R\u00e9gion Auvergne-Rh\u00f4ne-Alpes<\/p>\n<\/div>\n<\/div>\n\n\n\n<div class=\"wp-block-columns soutien is-layout-flex wp-container-core-columns-is-layout-9d6595d7 wp-block-columns-is-layout-flex\">\n<div class=\"wp-block-column is-layout-flow wp-block-column-is-layout-flow\" style=\"flex-basis:33.33%\">\n<figure class=\"wp-block-image size-full\"><img loading=\"lazy\" decoding=\"async\" width=\"534\" height=\"564\" src=\"https:\/\/veronique-pugeat.fr\/wp-content\/uploads\/2024\/06\/03-mariepierremouton.jpg\" alt=\"\" class=\"wp-image-124\" srcset=\"https:\/\/veronique-pugeat.fr\/wp-content\/uploads\/2024\/06\/03-mariepierremouton.jpg 534w, https:\/\/veronique-pugeat.fr\/wp-content\/uploads\/2024\/06\/03-mariepierremouton-284x300.jpg 284w\" sizes=\"auto, (max-width: 534px) 100vw, 534px\" \/><\/figure>\n<\/div>\n\n\n\n<div class=\"wp-block-column soutientxt is-layout-flow wp-block-column-is-layout-flow\" style=\"flex-basis:66.66%\">\n<h3 class=\"wp-block-heading\">Marie-Pierre Mouton<\/h3>\n\n\n\n<p>Pr\u00e9sidente du Conseil d\u00e9partemental de la Dr\u00f4me<\/p>\n<\/div>\n<\/div>\n\n\n\n<div class=\"wp-block-columns soutien is-layout-flex wp-container-core-columns-is-layout-9d6595d7 wp-block-columns-is-layout-flex\">\n<div class=\"wp-block-column is-layout-flow wp-block-column-is-layout-flow\" style=\"flex-basis:33.33%\">\n<figure class=\"wp-block-image size-full\"><img loading=\"lazy\" decoding=\"async\" width=\"534\" height=\"564\" src=\"https:\/\/veronique-pugeat.fr\/wp-content\/uploads\/2024\/06\/04-nathalieillozier.jpg\" alt=\"\" class=\"wp-image-126\" style=\"object-fit:cover\" srcset=\"https:\/\/veronique-pugeat.fr\/wp-content\/uploads\/2024\/06\/04-nathalieillozier.jpg 534w, https:\/\/veronique-pugeat.fr\/wp-content\/uploads\/2024\/06\/04-nathalieillozier-284x300.jpg 284w\" sizes=\"auto, (max-width: 534px) 100vw, 534px\" \/><\/figure>\n<\/div>\n\n\n\n<div class=\"wp-block-column soutientxt is-layout-flow wp-block-column-is-layout-flow\" style=\"flex-basis:66.66%\">\n<h3 class=\"wp-block-heading\">Nathalie Iliozer<\/h3>\n\n\n\n<p>Adjointe au maire de Valence <br>Conseill\u00e8re d\u00e9partementale<\/p>\n<\/div>\n<\/div>\n\n\n\n<div class=\"wp-block-columns soutien is-layout-flex wp-container-core-columns-is-layout-9d6595d7 wp-block-columns-is-layout-flex\">\n<div class=\"wp-block-column is-layout-flow wp-block-column-is-layout-flow\" style=\"flex-basis:33.33%\">\n<figure class=\"wp-block-image size-full\"><img loading=\"lazy\" decoding=\"async\" width=\"534\" height=\"564\" src=\"http:\/\/veronique-pugeat.fr\/wp-content\/uploads\/2024\/06\/05-francksoulignac.jpg\" alt=\"\" class=\"wp-image-127\" srcset=\"https:\/\/veronique-pugeat.fr\/wp-content\/uploads\/2024\/06\/05-francksoulignac.jpg 534w, https:\/\/veronique-pugeat.fr\/wp-content\/uploads\/2024\/06\/05-francksoulignac-284x300.jpg 284w\" sizes=\"auto, (max-width: 534px) 100vw, 534px\" \/><\/figure>\n<\/div>\n\n\n\n<div class=\"wp-block-column soutientxt is-layout-flow wp-block-column-is-layout-flow\" style=\"flex-basis:66.66%\">\n<h3 class=\"wp-block-heading\">Franck Soulignac<\/h3>\n\n\n\n<p>Adjoint au maire de Valence<br>1er Vice-pr\u00e9sident du Conseil d\u00e9partemental de la Dr\u00f4me<\/p>\n<\/div>\n<\/div>\n\n\n\n<div class=\"wp-block-columns soutien is-layout-flex wp-container-core-columns-is-layout-9d6595d7 wp-block-columns-is-layout-flex\">\n<div class=\"wp-block-column is-layout-flow wp-block-column-is-layout-flow\" style=\"flex-basis:33.33%\">\n<figure class=\"wp-block-image size-full\"><img loading=\"lazy\" decoding=\"async\" width=\"534\" height=\"564\" src=\"https:\/\/veronique-pugeat.fr\/wp-content\/uploads\/2024\/06\/06-aureliealleon.jpg\" alt=\"\" class=\"wp-image-128\" srcset=\"https:\/\/veronique-pugeat.fr\/wp-content\/uploads\/2024\/06\/06-aureliealleon.jpg 534w, https:\/\/veronique-pugeat.fr\/wp-content\/uploads\/2024\/06\/06-aureliealleon-284x300.jpg 284w\" sizes=\"auto, (max-width: 534px) 100vw, 534px\" \/><\/figure>\n<\/div>\n\n\n\n<div class=\"wp-block-column soutientxt is-layout-flow wp-block-column-is-layout-flow\" style=\"flex-basis:66.66%\">\n<h3 class=\"wp-block-heading\">Aur\u00e9lie All\u00e9on<\/h3>\n\n\n\n<p>Adjointe au maire de St-Marcel-l\u00e8s-Valence &#8211;<br>Conseill\u00e8re d\u00e9partementale<\/p>\n<\/div>\n<\/div>\n\n\n\n<div class=\"wp-block-columns soutien is-layout-flex wp-container-core-columns-is-layout-9d6595d7 wp-block-columns-is-layout-flex\">\n<div class=\"wp-block-column is-layout-flow wp-block-column-is-layout-flow\" style=\"flex-basis:33.33%\">\n<figure class=\"wp-block-image size-full\"><img loading=\"lazy\" decoding=\"async\" width=\"534\" height=\"564\" src=\"https:\/\/veronique-pugeat.fr\/wp-content\/uploads\/2024\/06\/07-emmanuelleantoine.jpg\" alt=\"\" class=\"wp-image-129\" srcset=\"https:\/\/veronique-pugeat.fr\/wp-content\/uploads\/2024\/06\/07-emmanuelleantoine.jpg 534w, https:\/\/veronique-pugeat.fr\/wp-content\/uploads\/2024\/06\/07-emmanuelleantoine-284x300.jpg 284w\" sizes=\"auto, (max-width: 534px) 100vw, 534px\" \/><\/figure>\n<\/div>\n\n\n\n<div class=\"wp-block-column soutientxt is-layout-flow wp-block-column-is-layout-flow\" style=\"flex-basis:66.66%\">\n<h3 class=\"wp-block-heading\">Emmanuelle Anthoine<\/h3>\n\n\n\n<p>D\u00e9put\u00e9e de la 4e circonscription de la Dr\u00f4me<\/p>\n<\/div>\n<\/div>\n\n\n\n<div class=\"wp-block-columns soutien is-layout-flex wp-container-core-columns-is-layout-9d6595d7 wp-block-columns-is-layout-flex\">\n<div class=\"wp-block-column is-layout-flow wp-block-column-is-layout-flow\" style=\"flex-basis:33.33%\">\n<figure class=\"wp-block-image size-full\"><img loading=\"lazy\" decoding=\"async\" width=\"534\" height=\"564\" src=\"https:\/\/veronique-pugeat.fr\/wp-content\/uploads\/2024\/06\/08-gilbertbouchet.jpg\" alt=\"\" class=\"wp-image-130\" srcset=\"https:\/\/veronique-pugeat.fr\/wp-content\/uploads\/2024\/06\/08-gilbertbouchet.jpg 534w, https:\/\/veronique-pugeat.fr\/wp-content\/uploads\/2024\/06\/08-gilbertbouchet-284x300.jpg 284w\" sizes=\"auto, (max-width: 534px) 100vw, 534px\" \/><\/figure>\n<\/div>\n\n\n\n<div class=\"wp-block-column soutientxt is-layout-flow wp-block-column-is-layout-flow\" style=\"flex-basis:66.66%\">\n<h3 class=\"wp-block-heading\">Gilbert Bouchet<\/h3>\n\n\n\n<p>S\u00e9nateur de la Dr\u00f4me<br>Ancien Maire de Tain l\u2019Hermitage<\/p>\n<\/div>\n<\/div>\n\n\n\n<div class=\"wp-block-columns soutien is-layout-flex wp-container-core-columns-is-layout-9d6595d7 wp-block-columns-is-layout-flex\">\n<div class=\"wp-block-column is-layout-flow wp-block-column-is-layout-flow\" style=\"flex-basis:33.33%\">\n<figure class=\"wp-block-image size-full\"><img loading=\"lazy\" decoding=\"async\" width=\"534\" height=\"564\" src=\"https:\/\/veronique-pugeat.fr\/wp-content\/uploads\/2024\/06\/09-marlenemourier.jpg\" alt=\"\" class=\"wp-image-131\" srcset=\"https:\/\/veronique-pugeat.fr\/wp-content\/uploads\/2024\/06\/09-marlenemourier.jpg 534w, https:\/\/veronique-pugeat.fr\/wp-content\/uploads\/2024\/06\/09-marlenemourier-284x300.jpg 284w\" sizes=\"auto, (max-width: 534px) 100vw, 534px\" \/><\/figure>\n<\/div>\n\n\n\n<div class=\"wp-block-column soutientxt is-layout-flow wp-block-column-is-layout-flow\" style=\"flex-basis:66.66%\">\n<h3 class=\"wp-block-heading\">Marl\u00e8ne Mourier<\/h3>\n\n\n\n<p>Maire de Bourg-l\u00e8s-Valence<br>Conseill\u00e8re r\u00e9gionale<\/p>\n<\/div>\n<\/div>\n\n\n\n<div class=\"wp-block-columns soutien is-layout-flex wp-container-core-columns-is-layout-9d6595d7 wp-block-columns-is-layout-flex\">\n<div class=\"wp-block-column is-layout-flow wp-block-column-is-layout-flow\" style=\"flex-basis:33.33%\">\n<figure class=\"wp-block-image size-full\"><img loading=\"lazy\" decoding=\"async\" width=\"534\" height=\"564\" src=\"https:\/\/veronique-pugeat.fr\/wp-content\/uploads\/2024\/06\/10-michelbrunet.jpg\" alt=\"\" class=\"wp-image-132\" srcset=\"https:\/\/veronique-pugeat.fr\/wp-content\/uploads\/2024\/06\/10-michelbrunet.jpg 534w, https:\/\/veronique-pugeat.fr\/wp-content\/uploads\/2024\/06\/10-michelbrunet-284x300.jpg 284w\" sizes=\"auto, (max-width: 534px) 100vw, 534px\" \/><\/figure>\n<\/div>\n\n\n\n<div class=\"wp-block-column soutientxt is-layout-flow wp-block-column-is-layout-flow\" style=\"flex-basis:66.66%\">\n<h3 class=\"wp-block-heading\">Michel Brunet<\/h3>\n\n\n\n<p>Maire de Mercurol-Veaunes<br>Conseiller d\u00e9partemental<\/p>\n<\/div>\n<\/div>\n<\/div>\n\n\n\n<div class=\"wp-block-column is-layout-flow wp-block-column-is-layout-flow\" style=\"flex-basis:33.33%\">\n<figure class=\"wp-block-image size-full raccourcisimg\"><a href=\"https:\/\/veronique-pugeat.fr\/wp-content\/uploads\/2024\/06\/Depliant-elections-legisltives-valence-drome-2024.pdf\" target=\"_blank\" rel=\"noreferrer noopener\"><img loading=\"lazy\" decoding=\"async\" width=\"400\" height=\"400\" src=\"https:\/\/veronique-pugeat.fr\/wp-content\/uploads\/2024\/06\/elections-legislatives2024.jpg\" alt=\"\" class=\"wp-image-81\" srcset=\"https:\/\/veronique-pugeat.fr\/wp-content\/uploads\/2024\/06\/elections-legislatives2024.jpg 400w, https:\/\/veronique-pugeat.fr\/wp-content\/uploads\/2024\/06\/elections-legislatives2024-300x300.jpg 300w, https:\/\/veronique-pugeat.fr\/wp-content\/uploads\/2024\/06\/elections-legislatives2024-150x150.jpg 150w\" sizes=\"auto, (max-width: 400px) 100vw, 400px\" \/><\/a><\/figure>\n\n\n\n<figure class=\"wp-block-image size-full raccourcisimg\"><a href=\"https:\/\/veronique-pugeat.fr\/wp-content\/uploads\/2024\/06\/Profession-de-foi-elections-legisltives-valence-drome-2024.pdf\" target=\"_blank\" rel=\"noreferrer noopener\"><img loading=\"lazy\" decoding=\"async\" width=\"400\" height=\"400\" src=\"http:\/\/veronique-pugeat.fr\/wp-content\/uploads\/2024\/06\/profession-de-foi-elections-legislatives-2024.jpg\" alt=\"La profession de foi pour les \u00e9lections l\u00e9gislatives 2024 en Dr\u00f4me sur Valence \/ Tain L'Hermitage\" class=\"wp-image-82\" srcset=\"https:\/\/veronique-pugeat.fr\/wp-content\/uploads\/2024\/06\/profession-de-foi-elections-legislatives-2024.jpg 400w, https:\/\/veronique-pugeat.fr\/wp-content\/uploads\/2024\/06\/profession-de-foi-elections-legislatives-2024-300x300.jpg 300w, https:\/\/veronique-pugeat.fr\/wp-content\/uploads\/2024\/06\/profession-de-foi-elections-legislatives-2024-150x150.jpg 150w\" sizes=\"auto, (max-width: 400px) 100vw, 400px\" \/><\/a><\/figure>\n\n\n\n<figure class=\"wp-block-image size-full raccourcisimg\"><a href=\"https:\/\/veronique-pugeat.fr\/wp-content\/uploads\/2024\/06\/Bulletin-de-vote-elections-legisltives-valence-drome-2024.pdf\" target=\"_blank\" rel=\"noreferrer noopener\"><img loading=\"lazy\" decoding=\"async\" width=\"400\" height=\"400\" src=\"http:\/\/veronique-pugeat.fr\/wp-content\/uploads\/2024\/06\/bulletin-de-vote-elections-legislatives-2024.jpg\" alt=\"Bulletin de vote pour les \u00e9lections l\u00e9gislatives 2024 en Dr\u00f4me sur Valence \/ Tain L'Hermitage\" class=\"wp-image-83\" srcset=\"https:\/\/veronique-pugeat.fr\/wp-content\/uploads\/2024\/06\/bulletin-de-vote-elections-legislatives-2024.jpg 400w, https:\/\/veronique-pugeat.fr\/wp-content\/uploads\/2024\/06\/bulletin-de-vote-elections-legislatives-2024-300x300.jpg 300w, https:\/\/veronique-pugeat.fr\/wp-content\/uploads\/2024\/06\/bulletin-de-vote-elections-legislatives-2024-150x150.jpg 150w\" sizes=\"auto, (max-width: 400px) 100vw, 400px\" \/><\/a><\/figure>\n<\/div>\n<\/div>\n","protected":false},"excerpt":{"rendered":"<p>Nicolas DARAGON Maire de Valence Vice-pr\u00e9sident de la R\u00e9gion Pr\u00e9sident de l\u2019association des Maires de la Dr\u00f4me Laurent Wauquiez Pr\u00e9sident de la R\u00e9gion Auvergne-Rh\u00f4ne-Alpes Marie-Pierre Mouton Pr\u00e9sidente du Conseil d\u00e9partemental de la Dr\u00f4me Nathalie Iliozer Adjointe au maire de Valence Conseill\u00e8re d\u00e9partementale Franck Soulignac Adjoint au maire de Valence1er Vice-pr\u00e9sident du Conseil d\u00e9partemental de la<br \/><a class=\"moretag\" href=\"https:\/\/veronique-pugeat.fr\/index.php\/ils-me-soutiennent-aux-elections-legislatives-2024\/\">+ Read More<\/a><\/p>\n","protected":false},"author":1,"featured_media":0,"parent":0,"menu_order":0,"comment_status":"closed","ping_status":"open","template":"templates\/page-fullwidth_template.php","meta":{"footnotes":""},"class_list":["post-114","page","type-page","status-publish","hentry"],"yoast_head":"<!-- This site is optimized with the Yoast SEO plugin v22.9 - https:\/\/yoast.com\/wordpress\/plugins\/seo\/ -->\n<title>Les soutiens de V\u00e9ronique Pugeat aux \u00e9lections l\u00e9gislatives 2024<\/title>\n<meta name=\"description\" content=\"Ls soutiens de la future d\u00e9put\u00e9e V\u00e9ronique Pugeat pour les \u00e9lections l\u00e9gislatives 2024 en Dr\u00f4me (Valence et Tain l&#039;Hermitage)\" \/>\n<meta name=\"robots\" content=\"index, follow, max-snippet:-1, max-image-preview:large, max-video-preview:-1\" \/>\n<link rel=\"canonical\" href=\"https:\/\/veronique-pugeat.fr\/index.php\/ils-me-soutiennent-aux-elections-legislatives-2024\/\" \/>\n<meta property=\"og:locale\" content=\"fr_FR\" \/>\n<meta property=\"og:type\" content=\"article\" \/>\n<meta property=\"og:title\" content=\"Les soutiens de V\u00e9ronique Pugeat aux \u00e9lections l\u00e9gislatives 2024\" \/>\n<meta property=\"og:description\" content=\"Ls soutiens de la future d\u00e9put\u00e9e V\u00e9ronique Pugeat pour les \u00e9lections l\u00e9gislatives 2024 en Dr\u00f4me (Valence et Tain l&#039;Hermitage)\" \/>\n<meta property=\"og:url\" content=\"https:\/\/veronique-pugeat.fr\/index.php\/ils-me-soutiennent-aux-elections-legislatives-2024\/\" \/>\n<meta property=\"og:site_name\" content=\"V\u00e9ronique Pugeat\" \/>\n<meta property=\"article:publisher\" content=\"https:\/\/www.facebook.com\/vpugeat\" \/>\n<meta property=\"article:modified_time\" content=\"2024-06-23T20:13:44+00:00\" \/>\n<meta property=\"og:image\" content=\"https:\/\/veronique-pugeat.fr\/wp-content\/uploads\/2024\/06\/01-nicolasdaragon.jpg\" \/>\n<meta name=\"twitter:card\" content=\"summary_large_image\" \/>\n<meta name=\"twitter:label1\" content=\"Dur\u00e9e de lecture estim\u00e9e\" \/>\n\t<meta name=\"twitter:data1\" content=\"4 minutes\" \/>\n<script type=\"application\/ld+json\" class=\"yoast-schema-graph\">{\"@context\":\"https:\/\/schema.org\",\"@graph\":[{\"@type\":\"WebPage\",\"@id\":\"https:\/\/veronique-pugeat.fr\/index.php\/ils-me-soutiennent-aux-elections-legislatives-2024\/\",\"url\":\"https:\/\/veronique-pugeat.fr\/index.php\/ils-me-soutiennent-aux-elections-legislatives-2024\/\",\"name\":\"Les soutiens de V\u00e9ronique Pugeat aux \u00e9lections l\u00e9gislatives 2024\",\"isPartOf\":{\"@id\":\"https:\/\/veronique-pugeat.fr\/#website\"},\"primaryImageOfPage\":{\"@id\":\"https:\/\/veronique-pugeat.fr\/index.php\/ils-me-soutiennent-aux-elections-legislatives-2024\/#primaryimage\"},\"image\":{\"@id\":\"https:\/\/veronique-pugeat.fr\/index.php\/ils-me-soutiennent-aux-elections-legislatives-2024\/#primaryimage\"},\"thumbnailUrl\":\"https:\/\/veronique-pugeat.fr\/wp-content\/uploads\/2024\/06\/01-nicolasdaragon.jpg\",\"datePublished\":\"2024-06-23T19:29:19+00:00\",\"dateModified\":\"2024-06-23T20:13:44+00:00\",\"description\":\"Ls soutiens de la future d\u00e9put\u00e9e V\u00e9ronique Pugeat pour les \u00e9lections l\u00e9gislatives 2024 en Dr\u00f4me (Valence et Tain l'Hermitage)\",\"breadcrumb\":{\"@id\":\"https:\/\/veronique-pugeat.fr\/index.php\/ils-me-soutiennent-aux-elections-legislatives-2024\/#breadcrumb\"},\"inLanguage\":\"fr-FR\",\"potentialAction\":[{\"@type\":\"ReadAction\",\"target\":[\"https:\/\/veronique-pugeat.fr\/index.php\/ils-me-soutiennent-aux-elections-legislatives-2024\/\"]}]},{\"@type\":\"ImageObject\",\"inLanguage\":\"fr-FR\",\"@id\":\"https:\/\/veronique-pugeat.fr\/index.php\/ils-me-soutiennent-aux-elections-legislatives-2024\/#primaryimage\",\"url\":\"https:\/\/veronique-pugeat.fr\/wp-content\/uploads\/2024\/06\/01-nicolasdaragon.jpg\",\"contentUrl\":\"https:\/\/veronique-pugeat.fr\/wp-content\/uploads\/2024\/06\/01-nicolasdaragon.jpg\",\"width\":534,\"height\":564,\"caption\":\"Nicolas Daragon Maire de Valence - Vice-pr\u00e9sident de la R\u00e9gion - Pr\u00e9sident de l\u2019association des Maires de la Dr\u00f4me\"},{\"@type\":\"BreadcrumbList\",\"@id\":\"https:\/\/veronique-pugeat.fr\/index.php\/ils-me-soutiennent-aux-elections-legislatives-2024\/#breadcrumb\",\"itemListElement\":[{\"@type\":\"ListItem\",\"position\":1,\"name\":\"Accueil\",\"item\":\"https:\/\/veronique-pugeat.fr\/\"},{\"@type\":\"ListItem\",\"position\":2,\"name\":\"Ils me soutiennent aux \u00e9lections l\u00e9gislatives 2024\"}]},{\"@type\":\"WebSite\",\"@id\":\"https:\/\/veronique-pugeat.fr\/#website\",\"url\":\"https:\/\/veronique-pugeat.fr\/\",\"name\":\"V\u00e9ronique Pugeat\",\"description\":\"Elections l\u00e9gislatives 30 juin et 7 juillet 2024 (Dr\u00f4me)\",\"publisher\":{\"@id\":\"https:\/\/veronique-pugeat.fr\/#organization\"},\"potentialAction\":[{\"@type\":\"SearchAction\",\"target\":{\"@type\":\"EntryPoint\",\"urlTemplate\":\"https:\/\/veronique-pugeat.fr\/?s={search_term_string}\"},\"query-input\":\"required name=search_term_string\"}],\"inLanguage\":\"fr-FR\"},{\"@type\":\"Organization\",\"@id\":\"https:\/\/veronique-pugeat.fr\/#organization\",\"name\":\"V\u00e9ronique Pugeat\",\"url\":\"https:\/\/veronique-pugeat.fr\/\",\"logo\":{\"@type\":\"ImageObject\",\"inLanguage\":\"fr-FR\",\"@id\":\"https:\/\/veronique-pugeat.fr\/#\/schema\/logo\/image\/\",\"url\":\"https:\/\/veronique-pugeat.fr\/wp-content\/uploads\/2024\/06\/cropped-favicon2.png\",\"contentUrl\":\"https:\/\/veronique-pugeat.fr\/wp-content\/uploads\/2024\/06\/cropped-favicon2.png\",\"width\":512,\"height\":512,\"caption\":\"V\u00e9ronique Pugeat\"},\"image\":{\"@id\":\"https:\/\/veronique-pugeat.fr\/#\/schema\/logo\/image\/\"},\"sameAs\":[\"https:\/\/www.facebook.com\/vpugeat\",\"https:\/\/www.instagram.com\/vpugeat\/\",\"https:\/\/www.linkedin.com\/in\/vronique-pugeat-134106a7\/\"]}]}<\/script>\n<!-- \/ Yoast SEO plugin. -->","yoast_head_json":{"title":"Les soutiens de V\u00e9ronique Pugeat aux \u00e9lections l\u00e9gislatives 2024","description":"Ls soutiens de la future d\u00e9put\u00e9e V\u00e9ronique Pugeat pour les \u00e9lections l\u00e9gislatives 2024 en Dr\u00f4me (Valence et Tain l'Hermitage)","robots":{"index":"index","follow":"follow","max-snippet":"max-snippet:-1","max-image-preview":"max-image-preview:large","max-video-preview":"max-video-preview:-1"},"canonical":"https:\/\/veronique-pugeat.fr\/index.php\/ils-me-soutiennent-aux-elections-legislatives-2024\/","og_locale":"fr_FR","og_type":"article","og_title":"Les soutiens de V\u00e9ronique Pugeat aux \u00e9lections l\u00e9gislatives 2024","og_description":"Ls soutiens de la future d\u00e9put\u00e9e V\u00e9ronique Pugeat pour les \u00e9lections l\u00e9gislatives 2024 en Dr\u00f4me (Valence et Tain l'Hermitage)","og_url":"https:\/\/veronique-pugeat.fr\/index.php\/ils-me-soutiennent-aux-elections-legislatives-2024\/","og_site_name":"V\u00e9ronique Pugeat","article_publisher":"https:\/\/www.facebook.com\/vpugeat","article_modified_time":"2024-06-23T20:13:44+00:00","og_image":[{"url":"https:\/\/veronique-pugeat.fr\/wp-content\/uploads\/2024\/06\/01-nicolasdaragon.jpg"}],"twitter_card":"summary_large_image","twitter_misc":{"Dur\u00e9e de lecture estim\u00e9e":"4 minutes"},"schema":{"@context":"https:\/\/schema.org","@graph":[{"@type":"WebPage","@id":"https:\/\/veronique-pugeat.fr\/index.php\/ils-me-soutiennent-aux-elections-legislatives-2024\/","url":"https:\/\/veronique-pugeat.fr\/index.php\/ils-me-soutiennent-aux-elections-legislatives-2024\/","name":"Les soutiens de V\u00e9ronique Pugeat aux \u00e9lections l\u00e9gislatives 2024","isPartOf":{"@id":"https:\/\/veronique-pugeat.fr\/#website"},"primaryImageOfPage":{"@id":"https:\/\/veronique-pugeat.fr\/index.php\/ils-me-soutiennent-aux-elections-legislatives-2024\/#primaryimage"},"image":{"@id":"https:\/\/veronique-pugeat.fr\/index.php\/ils-me-soutiennent-aux-elections-legislatives-2024\/#primaryimage"},"thumbnailUrl":"https:\/\/veronique-pugeat.fr\/wp-content\/uploads\/2024\/06\/01-nicolasdaragon.jpg","datePublished":"2024-06-23T19:29:19+00:00","dateModified":"2024-06-23T20:13:44+00:00","description":"Ls soutiens de la future d\u00e9put\u00e9e V\u00e9ronique Pugeat pour les \u00e9lections l\u00e9gislatives 2024 en Dr\u00f4me (Valence et Tain l'Hermitage)","breadcrumb":{"@id":"https:\/\/veronique-pugeat.fr\/index.php\/ils-me-soutiennent-aux-elections-legislatives-2024\/#breadcrumb"},"inLanguage":"fr-FR","potentialAction":[{"@type":"ReadAction","target":["https:\/\/veronique-pugeat.fr\/index.php\/ils-me-soutiennent-aux-elections-legislatives-2024\/"]}]},{"@type":"ImageObject","inLanguage":"fr-FR","@id":"https:\/\/veronique-pugeat.fr\/index.php\/ils-me-soutiennent-aux-elections-legislatives-2024\/#primaryimage","url":"https:\/\/veronique-pugeat.fr\/wp-content\/uploads\/2024\/06\/01-nicolasdaragon.jpg","contentUrl":"https:\/\/veronique-pugeat.fr\/wp-content\/uploads\/2024\/06\/01-nicolasdaragon.jpg","width":534,"height":564,"caption":"Nicolas Daragon Maire de Valence - Vice-pr\u00e9sident de la R\u00e9gion - Pr\u00e9sident de l\u2019association des Maires de la Dr\u00f4me"},{"@type":"BreadcrumbList","@id":"https:\/\/veronique-pugeat.fr\/index.php\/ils-me-soutiennent-aux-elections-legislatives-2024\/#breadcrumb","itemListElement":[{"@type":"ListItem","position":1,"name":"Accueil","item":"https:\/\/veronique-pugeat.fr\/"},{"@type":"ListItem","position":2,"name":"Ils me soutiennent aux \u00e9lections l\u00e9gislatives 2024"}]},{"@type":"WebSite","@id":"https:\/\/veronique-pugeat.fr\/#website","url":"https:\/\/veronique-pugeat.fr\/","name":"V\u00e9ronique Pugeat","description":"Elections l\u00e9gislatives 30 juin et 7 juillet 2024 (Dr\u00f4me)","publisher":{"@id":"https:\/\/veronique-pugeat.fr\/#organization"},"potentialAction":[{"@type":"SearchAction","target":{"@type":"EntryPoint","urlTemplate":"https:\/\/veronique-pugeat.fr\/?s={search_term_string}"},"query-input":"required name=search_term_string"}],"inLanguage":"fr-FR"},{"@type":"Organization","@id":"https:\/\/veronique-pugeat.fr\/#organization","name":"V\u00e9ronique Pugeat","url":"https:\/\/veronique-pugeat.fr\/","logo":{"@type":"ImageObject","inLanguage":"fr-FR","@id":"https:\/\/veronique-pugeat.fr\/#\/schema\/logo\/image\/","url":"https:\/\/veronique-pugeat.fr\/wp-content\/uploads\/2024\/06\/cropped-favicon2.png","contentUrl":"https:\/\/veronique-pugeat.fr\/wp-content\/uploads\/2024\/06\/cropped-favicon2.png","width":512,"height":512,"caption":"V\u00e9ronique Pugeat"},"image":{"@id":"https:\/\/veronique-pugeat.fr\/#\/schema\/logo\/image\/"},"sameAs":["https:\/\/www.facebook.com\/vpugeat","https:\/\/www.instagram.com\/vpugeat\/","https:\/\/www.linkedin.com\/in\/vronique-pugeat-134106a7\/"]}]}},"_links":{"self":[{"href":"https:\/\/veronique-pugeat.fr\/index.php\/wp-json\/wp\/v2\/pages\/114","targetHints":{"allow":["GET"]}}],"collection":[{"href":"https:\/\/veronique-pugeat.fr\/index.php\/wp-json\/wp\/v2\/pages"}],"about":[{"href":"https:\/\/veronique-pugeat.fr\/index.php\/wp-json\/wp\/v2\/types\/page"}],"author":[{"embeddable":true,"href":"https:\/\/veronique-pugeat.fr\/index.php\/wp-json\/wp\/v2\/users\/1"}],"replies":[{"embeddable":true,"href":"https:\/\/veronique-pugeat.fr\/index.php\/wp-json\/wp\/v2\/comments?post=114"}],"version-history":[{"count":8,"href":"https:\/\/veronique-pugeat.fr\/index.php\/wp-json\/wp\/v2\/pages\/114\/revisions"}],"predecessor-version":[{"id":137,"href":"https:\/\/veronique-pugeat.fr\/index.php\/wp-json\/wp\/v2\/pages\/114\/revisions\/137"}],"wp:attachment":[{"href":"https:\/\/veronique-pugeat.fr\/index.php\/wp-json\/wp\/v2\/media?parent=114"}],"curies":[{"name":"wp","href":"https:\/\/api.w.org\/{rel}","templated":true}]}}